{"id":803,"date":"2024-10-19T17:20:48","date_gmt":"2024-10-19T17:20:48","guid":{"rendered":"https:\/\/unionmasonicamundial.org\/umm\/?page_id=803"},"modified":"2024-10-19T17:28:34","modified_gmt":"2024-10-19T17:28:34","slug":"directorio-2024-2026","status":"publish","type":"page","link":"https:\/\/unionmasonicamundial.org\/umm\/directorio-2024-2026\/","title":{"rendered":"Directorio 2024-2026"},"content":{"rendered":"\n<p><strong>Esecutivo della&nbsp; unione massonica mondiale 2024-2026&nbsp;&nbsp;<\/strong><\/p>\n\n\n\n<figure class=\"wp-block-image size-large\"><img loading=\"lazy\" decoding=\"async\" width=\"1024\" height=\"667\" src=\"https:\/\/unionmasonicamundial.org\/umm\/wp-content\/uploads\/2024\/10\/image-1024x667.png\" alt=\"\" class=\"wp-image-805\" srcset=\"https:\/\/unionmasonicamundial.org\/umm\/wp-content\/uploads\/2024\/10\/image-1024x667.png 1024w, https:\/\/unionmasonicamundial.org\/umm\/wp-content\/uploads\/2024\/10\/image-300x196.png 300w, https:\/\/unionmasonicamundial.org\/umm\/wp-content\/uploads\/2024\/10\/image-768x501.png 768w, https:\/\/unionmasonicamundial.org\/umm\/wp-content\/uploads\/2024\/10\/image.png 1080w\" sizes=\"auto, (max-width: 1024px) 100vw, 1024px\" \/><\/figure>\n\n\n\n<p><em>Le cariche che compongono all\u2019esecutivo cambiano denominazione e sono le seguenti:<\/em><\/p>\n\n\n\n<figure class=\"wp-block-image size-full\"><img loading=\"lazy\" decoding=\"async\" width=\"784\" height=\"729\" src=\"https:\/\/unionmasonicamundial.org\/umm\/wp-content\/uploads\/2024\/10\/image-1.png\" alt=\"\" class=\"wp-image-806\" srcset=\"https:\/\/unionmasonicamundial.org\/umm\/wp-content\/uploads\/2024\/10\/image-1.png 784w, https:\/\/unionmasonicamundial.org\/umm\/wp-content\/uploads\/2024\/10\/image-1-300x279.png 300w, https:\/\/unionmasonicamundial.org\/umm\/wp-content\/uploads\/2024\/10\/image-1-768x714.png 768w\" sizes=\"auto, (max-width: 784px) 100vw, 784px\" \/><\/figure>\n\n\n\n<p>Pr\u00e9sident&nbsp;<\/p>\n\n\n\n<p>Richard MARTY<\/p>\n\n\n\n<p>FRANCE<\/p>\n\n\n\n<p>Vice-Pr\u00e9sident,&nbsp;<\/p>\n\n\n\n<p>Victor RAMOS<\/p>\n\n\n\n<p>PARAGUAY<\/p>\n\n\n\n<p>Vice-Pr\u00e9sident,&nbsp;<\/p>\n\n\n\n<p>Filippo GAMMICCHIA<\/p>\n\n\n\n<p>ITALIA<\/p>\n\n\n\n<p>Grand Chancelier&nbsp;<\/p>\n\n\n\n<p>Riccardo ROMERO<\/p>\n\n\n\n<p>ARGENTINE<\/p>\n\n\n\n<p>Chancelier Em\u00e9rite<\/p>\n\n\n\n<p>Georges PETRESCU (GAM-TRACIA)<\/p>\n\n\n\n<p>Tr\u00e9sorier&nbsp;<\/p>\n\n\n\n<p>ACADEMIE ROYALE&nbsp;<\/p>\n\n\n\n<p>Secr\u00e9taire G\u00e9n\u00e9ral<\/p>\n\n\n\n<p>Claude MABIALA<\/p>\n\n\n\n<p>Secr\u00e9taire Adjointes<\/p>\n\n\n\n<p>*V\u00e9ronica BASTON<\/p>\n\n\n\n<p>*Simona CARNICIOU<\/p>\n\n\n\n<p>Conseiller Juridique&nbsp;: CALIN IRZA &nbsp; Romania<\/p>\n\n\n\n<p>Charg\u00e9 de Mission&nbsp;Formation Philosophique&nbsp;<\/p>\n\n\n\n<p>Carlos Walter SANABRIA&nbsp; PARAGUAY<\/p>\n\n\n\n<p>Charg\u00e9 de Mission&nbsp;: Communication<\/p>\n\n\n\n<p>Jorge Cabezas ARGENTINA<\/p>\n\n\n\n<p>Charg\u00e9 de Mission&nbsp;: Coordination projet<\/p>\n\n\n\n<p>Pedro Mareco BRUNO&nbsp; PARAGUAY<\/p>\n\n\n\n<p>CHARGE DE MISION AFRIQUE<\/p>\n\n\n\n<p>Bob DELEAS<\/p>\n\n\n\n<p>Chancelier pour la Chine<\/p>\n\n\n\n<p>NGAI KEONG &nbsp; &nbsp; &nbsp; &nbsp; &nbsp; &nbsp; &nbsp; R.P. CINESE<\/p>\n\n\n\n<p>Chancelier pour l\u2019\u00e9tat de NEW YORK<\/p>\n\n\n\n<p>Nakim BEY &nbsp; &nbsp; &nbsp; &nbsp; &nbsp; &nbsp; &nbsp; &nbsp; USA<\/p>\n\n\n\n<p>Chancelier Europe<\/p>\n\n\n\n<p>Pascal Antonio&nbsp; DI TODARO &nbsp; &nbsp; ITALIA<\/p>\n\n\n\n<p>Chancelier Scandinavie<\/p>\n\n\n\n<p>Claude MABIALA<\/p>\n\n\n\n<p>Chancelier Moyen-Orient&nbsp;<\/p>\n\n\n\n<p>Jean Marc ARACTINGUY<\/p>\n\n\n\n<p>Chancelier Afrique<\/p>\n\n\n\n<p>Bruno QUENUM<\/p>\n\n\n\n<p>Ambassadeur Danemark<\/p>\n\n\n\n<p>Martin Krogh Poulsen<\/p>\n\n\n\n<p>L\u00e9gat Conseiller Sp\u00e9cial&nbsp; Afrique<\/p>\n\n\n\n<p>BOB DELAS<\/p>\n\n\n\n<p>Ambassadeur BRESIL Am\u00e9rique du Sud<\/p>\n\n\n\n<p>Marivaldo Da Cruz Sales<\/p>\n\n\n\n<p>Ambassadeur AFFIQUE<\/p>\n\n\n\n<p>Robert DELAS<\/p>\n\n\n\n<p>Ambassadeur BENIN<\/p>\n\n\n\n<p>Eug\u00e8ne Msg Ahlin CATHARIA<\/p>\n\n\n\n<p>Ambassadrice Oc\u00e9an Indien<\/p>\n\n\n\n<p>*Monique MAILLOT&nbsp;<\/p>\n\n\n\n<p>Ambassadeur \u00cfle MAURICE- INDE<\/p>\n\n\n\n<p>Micka\u00ebl PONAPIN SIHOU<\/p>\n\n\n\n<p>LEGAT, REUNION MAYOTTE<\/p>\n\n\n\n<p>Ahmed BOUCCARI<\/p>\n\n\n\n<p>Ambassadeur Madagascar<\/p>\n\n\n\n<p>Oc\u00e9an Indien<\/p>\n\n\n\n<p>Pierre DUTRON<\/p>\n\n\n\n<p>Ambassadeur pour la Belgique et le Grand-Duch\u00e9 Luxembourg&nbsp;<\/p>\n\n\n\n<p>Ambassadeur ANDORE<\/p>\n\n\n\n<p>Bernard ASSIEE (fondateur UME)<\/p>\n\n\n\n<p>Ambassadeur pour le MAROC<\/p>\n\n\n\n<p>JAMAL TLATI<\/p>\n\n\n\n<p>Ambassadeur LIBAN<\/p>\n\n\n\n<p>Mhammad Kobrosly<\/p>\n\n\n\n<p>Toni KOUZI<\/p>\n\n\n\n<p>Salim&nbsp; GLUP<\/p>\n\n\n\n<p>L\u00e9gat pour le LIBAN&nbsp;<\/p>\n\n\n\n<p>Ambassadeur Ha\u00efti &#8211; Am\u00e9rique centrale<\/p>\n\n\n\n<p>Jean Keol CESAR<\/p>\n\n\n\n<p>Ambassadeur MACEDOINE DU NORD<\/p>\n\n\n\n<p>*Snezana ZECEVIC<\/p>\n\n\n\n<p>Ambassadeur ALBANIE<\/p>\n\n\n\n<p>Giuseppe FRECCHIO<\/p>\n\n\n\n<p>Ambassadeur SUISSE<\/p>\n\n\n\n<p>Cesare VERGNIANO&nbsp;<\/p>\n\n\n\n<p>L\u00e9gat pour Italia du nord<\/p>\n\n\n\n<p>*Maria DILONARDO<\/p>\n\n\n\n<p>L\u00e9gat pour la Sicile<\/p>\n\n\n\n<p>Mario LASPINA<\/p>\n\n\n\n<p>Ambassadeur ROUMANIE<\/p>\n\n\n\n<p>DRAGOS PUNGULESCU<\/p>\n\n\n\n<p>L\u00e9gat&nbsp; PERPIGNAN<\/p>\n\n\n\n<p>Pierre MAJORAL<\/p>\n\n\n\n<p>L\u00e9gatl NICE<\/p>\n\n\n\n<p>Raoul FUTURA<\/p>\n\n\n\n<p>Ambassadeur Espagne<\/p>\n\n\n\n<p>Manuel Antonio TUERO<\/p>\n\n\n\n<p>Ambassadeur GRECE<\/p>\n\n\n\n<p>Nikolaos KATOMERIS<\/p>\n\n\n\n<p>Liste des Ambassadeurs d\u2019AMERIQUE DU SUD&nbsp;<\/p>\n\n\n\n<p>Ambassadeur pour le PARAGUAY<\/p>\n\n\n\n<p>Jos\u00e9 IBARRA<\/p>\n\n\n\n<p>ARGENTINE<\/p>\n\n\n\n<p>Jorge Cabezas<\/p>\n\n\n\n<p>BRASIL<\/p>\n\n\n\n<p>Ricardo Saliba Urbano<\/p>\n\n\n\n<p>CUBA<\/p>\n\n\n\n<p>Lazaro Orlando HERRERA GONZALEZ<\/p>\n\n\n\n<p>CHILI<\/p>\n\n\n\n<p>Eduardo PUJOL<\/p>\n\n\n\n<p>ECUADOR<\/p>\n\n\n\n<p>Fernando GONZALLEZ<\/p>\n\n\n\n<p>MEXICO<\/p>\n\n\n\n<p>Jos\u00e9 Ernesto Valencia Raya<\/p>\n\n\n\n<p>PERU<\/p>\n\n\n\n<p>Javier AGUERO VEGA<\/p>\n\n\n\n<p>URUGUAY<\/p>\n\n\n\n<p>Maria Mercedes RAMOS INSUA<\/p>\n\n\n\n<p>VENEZUELA<\/p>\n\n\n\n<p>Rafa\u00e9l PEREZ DDIAZ<\/p>\n\n\n\n<p>PANAMA<\/p>\n\n\n\n<p>Alfredo JIMENEZ<\/p>\n\n\n\n<p><\/p>\n","protected":false},"excerpt":{"rendered":"<p>Esecutivo della&nbsp; unione massonica mondiale 2024-2026&nbsp;&nbsp; Le cariche che compongono all\u2019esecutivo cambiano denominazione e sono le seguenti: Pr\u00e9sident&nbsp; Richard MARTY FRANCE Vice-Pr\u00e9sident,&nbsp; Victor RAMOS PARAGUAY Vice-Pr\u00e9sident,&nbsp; Filippo GAMMICCHIA ITALIA Grand Chancelier&nbsp; Riccardo ROMERO ARGENTINE Chancelier Em\u00e9rite Georges PETRESCU (GAM-TRACIA) Tr\u00e9sorier&nbsp; ACADEMIE ROYALE&nbsp; Secr\u00e9taire G\u00e9n\u00e9ral Claude MABIALA Secr\u00e9taire Adjointes *V\u00e9ronica BASTON *Simona CARNICIOU Conseiller Juridique&nbsp;: CALIN [&hellip;]<\/p>\n","protected":false},"author":1,"featured_media":0,"parent":0,"menu_order":0,"comment_status":"closed","ping_status":"closed","template":"","meta":{"footnotes":""},"class_list":["post-803","page","type-page","status-publish","hentry"],"_links":{"self":[{"href":"https:\/\/unionmasonicamundial.org\/umm\/wp-json\/wp\/v2\/pages\/803","targetHints":{"allow":["GET"]}}],"collection":[{"href":"https:\/\/unionmasonicamundial.org\/umm\/wp-json\/wp\/v2\/pages"}],"about":[{"href":"https:\/\/unionmasonicamundial.org\/umm\/wp-json\/wp\/v2\/types\/page"}],"author":[{"embeddable":true,"href":"https:\/\/unionmasonicamundial.org\/umm\/wp-json\/wp\/v2\/users\/1"}],"replies":[{"embeddable":true,"href":"https:\/\/unionmasonicamundial.org\/umm\/wp-json\/wp\/v2\/comments?post=803"}],"version-history":[{"count":3,"href":"https:\/\/unionmasonicamundial.org\/umm\/wp-json\/wp\/v2\/pages\/803\/revisions"}],"predecessor-version":[{"id":810,"href":"https:\/\/unionmasonicamundial.org\/umm\/wp-json\/wp\/v2\/pages\/803\/revisions\/810"}],"wp:attachment":[{"href":"https:\/\/unionmasonicamundial.org\/umm\/wp-json\/wp\/v2\/media?parent=803"}],"curies":[{"name":"wp","href":"https:\/\/api.w.org\/{rel}","templated":true}]}}