{"id":733,"date":"2023-03-06T17:56:34","date_gmt":"2023-03-06T17:56:34","guid":{"rendered":"https:\/\/unionmasonicamundial.org\/umm\/?page_id=733"},"modified":"2023-03-06T18:02:23","modified_gmt":"2023-03-06T18:02:23","slug":"ii-congreso-de-la-u-m-m-de-ss-gg-ii-gg","status":"publish","type":"page","link":"https:\/\/unionmasonicamundial.org\/umm\/ii-congreso-de-la-u-m-m-de-ss-gg-ii-gg\/","title":{"rendered":"II\u00b0 Congreso de la U:. M:. M:. de SS:. GG:. II:. GG:."},"content":{"rendered":"\n<p><\/p>\n\n\n\n<figure class=\"wp-block-image size-full\"><img loading=\"lazy\" decoding=\"async\" width=\"1024\" height=\"723\" src=\"https:\/\/unionmasonicamundial.org\/umm\/wp-content\/uploads\/2023\/03\/image-1024x723-2.png\" alt=\"\" class=\"wp-image-736\" srcset=\"https:\/\/unionmasonicamundial.org\/umm\/wp-content\/uploads\/2023\/03\/image-1024x723-2.png 1024w, https:\/\/unionmasonicamundial.org\/umm\/wp-content\/uploads\/2023\/03\/image-1024x723-2-300x212.png 300w, https:\/\/unionmasonicamundial.org\/umm\/wp-content\/uploads\/2023\/03\/image-1024x723-2-768x542.png 768w\" sizes=\"auto, (max-width: 1024px) 100vw, 1024px\" \/><\/figure>\n\n\n\n<p class=\"has-text-align-center\"><strong>II Congreso de la Uni\u00f3n Mas\u00f3nica Mundial de<br>SS:. GG:. II:. GG:.<\/strong><br>CRONOGRAMA DE ACTIVIDADES EN LA REP\u00daBLICA ARGENTINA<br>D\u00eda Viernes 8 de diciembre de 2023 e.v.<br>15.00hs. Recepci\u00f3n de las delegaciones extranjeras fundadoras y miembros de la<br>Uni\u00f3n Mas\u00f3nica Mundial (U.M.M.)<br>Trabajos a nivel Supremo, Intervenciones de los II.:PP.:HH.: Jefes de Delegaciones<br>(Proposiciones en inter\u00e9s general de la Orden Mas\u00f3nica y en especial de la Uni\u00f3n<br>Mas\u00f3nica Mundial (U.M.M.).<br>20hs. Cena de recepci\u00f3n a las distintas delegaciones y comitivas extranjeras.<br>D\u00eda S\u00e1bado 9 de diciembre de 2023 e.v.<br>9.30 hs. Acreditaci\u00f3n: Directorio de la U:. M:. M:. de SS:. GG:. II:. GG:.<br>10.00 hs. Sesi\u00f3n del Directorio de la U:. M:. M:. de SS:. GG:. II:. GG:.<br>11 hs. Recepci\u00f3n Invitados -Tenida en Grado 33\u00ba<br>12 hs. Almuerzo<br>14 hs. Acreditaci\u00f3n: Sesi\u00f3n del Congreso Tenida en Grado 1\u00ba<br>19 hs. Firma de Acuerdos de Paz, Amistad y mutuo reconocimientos entre<br>potencias.<br>20 hs: Cena de Gala &#8211; Conferencia Abierta. Tenida Blanca Grado 0\u00ba<br>21.00hs. Discurso final y cierre de actividades en la persona del Director Ejecutivo<br>de la Uni\u00f3n Mas\u00f3nica Mundial (U.M.M.)<br>Domingo 10 de diciembre de 2023 e.v.<br>10.00 hs. Despedida Delegaciones<br>-Salida a diferentes puntos geogr\u00e1ficos del pa\u00eds.(opcional)<br>www.unionmasonicamundial.org \/\/ +5491154717976<\/p>\n","protected":false},"excerpt":{"rendered":"<p>II Congreso de la Uni\u00f3n Mas\u00f3nica Mundial deSS:. GG:. II:. GG:.CRONOGRAMA DE ACTIVIDADES EN LA REP\u00daBLICA ARGENTINAD\u00eda Viernes 8 de diciembre de 2023 e.v.15.00hs. Recepci\u00f3n de las delegaciones extranjeras fundadoras y miembros de laUni\u00f3n Mas\u00f3nica Mundial (U.M.M.)Trabajos a nivel Supremo, Intervenciones de los II.:PP.:HH.: Jefes de Delegaciones(Proposiciones en inter\u00e9s general de la Orden Mas\u00f3nica y [&hellip;]<\/p>\n","protected":false},"author":1,"featured_media":734,"parent":0,"menu_order":0,"comment_status":"closed","ping_status":"closed","template":"","meta":{"footnotes":""},"class_list":["post-733","page","type-page","status-publish","has-post-thumbnail","hentry"],"_links":{"self":[{"href":"https:\/\/unionmasonicamundial.org\/umm\/wp-json\/wp\/v2\/pages\/733","targetHints":{"allow":["GET"]}}],"collection":[{"href":"https:\/\/unionmasonicamundial.org\/umm\/wp-json\/wp\/v2\/pages"}],"about":[{"href":"https:\/\/unionmasonicamundial.org\/umm\/wp-json\/wp\/v2\/types\/page"}],"author":[{"embeddable":true,"href":"https:\/\/unionmasonicamundial.org\/umm\/wp-json\/wp\/v2\/users\/1"}],"replies":[{"embeddable":true,"href":"https:\/\/unionmasonicamundial.org\/umm\/wp-json\/wp\/v2\/comments?post=733"}],"version-history":[{"count":3,"href":"https:\/\/unionmasonicamundial.org\/umm\/wp-json\/wp\/v2\/pages\/733\/revisions"}],"predecessor-version":[{"id":742,"href":"https:\/\/unionmasonicamundial.org\/umm\/wp-json\/wp\/v2\/pages\/733\/revisions\/742"}],"wp:featuredmedia":[{"embeddable":true,"href":"https:\/\/unionmasonicamundial.org\/umm\/wp-json\/wp\/v2\/media\/734"}],"wp:attachment":[{"href":"https:\/\/unionmasonicamundial.org\/umm\/wp-json\/wp\/v2\/media?parent=733"}],"curies":[{"name":"wp","href":"https:\/\/api.w.org\/{rel}","templated":true}]}}