{"id":689,"date":"2022-11-14T01:02:35","date_gmt":"2022-11-14T01:02:35","guid":{"rendered":"https:\/\/unionmasonicamundial.org\/umm\/?page_id=689"},"modified":"2023-01-12T15:24:55","modified_gmt":"2023-01-12T15:24:55","slug":"pasaportes","status":"publish","type":"page","link":"https:\/\/unionmasonicamundial.org\/umm\/pasaportes\/","title":{"rendered":"Pasaportes"},"content":{"rendered":"\n<figure class=\"wp-block-gallery has-nested-images columns-default is-cropped wp-block-gallery-1 is-layout-flex wp-block-gallery-is-layout-flex\"><div class=\"wp-block-image\">\n<figure class=\"aligncenter size-full\"><img loading=\"lazy\" decoding=\"async\" width=\"1024\" height=\"735\" data-id=\"690\" src=\"https:\/\/unionmasonicamundial.org\/umm\/wp-content\/uploads\/2022\/11\/image.png\" alt=\"\" class=\"wp-image-690\" srcset=\"https:\/\/unionmasonicamundial.org\/umm\/wp-content\/uploads\/2022\/11\/image.png 1024w, https:\/\/unionmasonicamundial.org\/umm\/wp-content\/uploads\/2022\/11\/image-300x215.png 300w, https:\/\/unionmasonicamundial.org\/umm\/wp-content\/uploads\/2022\/11\/image-768x551.png 768w\" sizes=\"auto, (max-width: 1024px) 100vw, 1024px\" \/><figcaption>Los pasaportes emitidos por la Uni\u00f3n Mas\u00f3nica Mundial de SS:. GG:.II:.GG:. poseen un c\u00f3digo QR para verificar el n\u00famero emitido por la Directoria Ejecutiva.<\/figcaption><\/figure>\n<\/div>\n\n\n<figure class=\"wp-block-image size-full\"><img loading=\"lazy\" decoding=\"async\" width=\"444\" height=\"385\" data-id=\"713\" src=\"https:\/\/unionmasonicamundial.org\/umm\/wp-content\/uploads\/2023\/01\/image-2.png\" alt=\"\" class=\"wp-image-713\" srcset=\"https:\/\/unionmasonicamundial.org\/umm\/wp-content\/uploads\/2023\/01\/image-2.png 444w, https:\/\/unionmasonicamundial.org\/umm\/wp-content\/uploads\/2023\/01\/image-2-300x260.png 300w\" sizes=\"auto, (max-width: 444px) 100vw, 444px\" \/><\/figure>\n\n\n\n<figure class=\"wp-block-image size-full\"><img loading=\"lazy\" decoding=\"async\" width=\"449\" height=\"600\" data-id=\"717\" src=\"https:\/\/unionmasonicamundial.org\/umm\/wp-content\/uploads\/2023\/01\/image-5.png\" alt=\"\" class=\"wp-image-717\" srcset=\"https:\/\/unionmasonicamundial.org\/umm\/wp-content\/uploads\/2023\/01\/image-5.png 449w, https:\/\/unionmasonicamundial.org\/umm\/wp-content\/uploads\/2023\/01\/image-5-225x300.png 225w\" sizes=\"auto, (max-width: 449px) 100vw, 449px\" \/><\/figure>\n\n\n\n<figure class=\"wp-block-image size-full\"><img loading=\"lazy\" decoding=\"async\" width=\"802\" height=\"600\" data-id=\"716\" src=\"https:\/\/unionmasonicamundial.org\/umm\/wp-content\/uploads\/2023\/01\/image-4.png\" alt=\"\" class=\"wp-image-716\" srcset=\"https:\/\/unionmasonicamundial.org\/umm\/wp-content\/uploads\/2023\/01\/image-4.png 802w, https:\/\/unionmasonicamundial.org\/umm\/wp-content\/uploads\/2023\/01\/image-4-300x224.png 300w, https:\/\/unionmasonicamundial.org\/umm\/wp-content\/uploads\/2023\/01\/image-4-768x575.png 768w\" sizes=\"auto, (max-width: 802px) 100vw, 802px\" \/><\/figure>\n<\/figure>\n\n\n\n<p><\/p>\n","protected":false},"excerpt":{"rendered":"","protected":false},"author":1,"featured_media":0,"parent":0,"menu_order":0,"comment_status":"closed","ping_status":"closed","template":"","meta":{"footnotes":""},"class_list":["post-689","page","type-page","status-publish","hentry"],"_links":{"self":[{"href":"https:\/\/unionmasonicamundial.org\/umm\/wp-json\/wp\/v2\/pages\/689","targetHints":{"allow":["GET"]}}],"collection":[{"href":"https:\/\/unionmasonicamundial.org\/umm\/wp-json\/wp\/v2\/pages"}],"about":[{"href":"https:\/\/unionmasonicamundial.org\/umm\/wp-json\/wp\/v2\/types\/page"}],"author":[{"embeddable":true,"href":"https:\/\/unionmasonicamundial.org\/umm\/wp-json\/wp\/v2\/users\/1"}],"replies":[{"embeddable":true,"href":"https:\/\/unionmasonicamundial.org\/umm\/wp-json\/wp\/v2\/comments?post=689"}],"version-history":[{"count":2,"href":"https:\/\/unionmasonicamundial.org\/umm\/wp-json\/wp\/v2\/pages\/689\/revisions"}],"predecessor-version":[{"id":718,"href":"https:\/\/unionmasonicamundial.org\/umm\/wp-json\/wp\/v2\/pages\/689\/revisions\/718"}],"wp:attachment":[{"href":"https:\/\/unionmasonicamundial.org\/umm\/wp-json\/wp\/v2\/media?parent=689"}],"curies":[{"name":"wp","href":"https:\/\/api.w.org\/{rel}","templated":true}]}}