{"id":63,"date":"2020-10-24T03:37:46","date_gmt":"2020-10-24T03:37:46","guid":{"rendered":"https:\/\/unionmasonicamundial.org\/umm\/?page_id=63"},"modified":"2023-03-06T18:03:20","modified_gmt":"2023-03-06T18:03:20","slug":"congreso-ssggiigg","status":"publish","type":"page","link":"https:\/\/unionmasonicamundial.org\/umm\/congreso-ssggiigg\/","title":{"rendered":"Congreso"},"content":{"rendered":"\n<p><strong>Congreso Mundial de la U:. M:. M:. de SS:. GG:. II:. GG:.<\/strong>.<\/p>\n\n\n\n<figure class=\"wp-block-image size-large\"><img loading=\"lazy\" decoding=\"async\" width=\"1024\" height=\"723\" src=\"https:\/\/unionmasonicamundial.org\/umm\/wp-content\/uploads\/2023\/03\/image-1024x723.png\" alt=\"\" class=\"wp-image-732\" srcset=\"https:\/\/unionmasonicamundial.org\/umm\/wp-content\/uploads\/2023\/03\/image-1024x723.png 1024w, https:\/\/unionmasonicamundial.org\/umm\/wp-content\/uploads\/2023\/03\/image-300x212.png 300w, https:\/\/unionmasonicamundial.org\/umm\/wp-content\/uploads\/2023\/03\/image-768x542.png 768w, https:\/\/unionmasonicamundial.org\/umm\/wp-content\/uploads\/2023\/03\/image.png 1280w\" sizes=\"auto, (max-width: 1024px) 100vw, 1024px\" \/><\/figure>\n\n\n\n<p>Durante los d\u00edas 8, 9 y 10 de diciembre de 2023 e:. v:. se realizar\u00e1 en la Ciudad de Buenos Aires &#8211; Argentina, el  2<strong>\u00b0 Congreso Mundial de la U:. M:. M:. de SS:. GG:. II:. GG:.<\/strong>. <\/p>\n\n\n\n<p>Desde su lanzamiento en abril de 2020, se han sumado m\u00e1s de 150 SS:. GG:. II:. GG:. de m\u00e1s de 25 pa\u00edses, que establecieron un marco organizativo con un Directorio Ejecutivo y otro Representativo, as\u00ed como Departamentos que promueven las acciones decididas por Plenarios Generales.<\/p>\n\n\n\n<p>Siguiendo los lineamientos de su Declaraci\u00f3n de Principios fijadas en su Estatuto, la Uni\u00f3n Mas\u00f3nica Mundial de SS:. GG:. II:. GG:. ha desarrollado actividades tendientes a proveer de herramientas para la formaci\u00f3n filos\u00f3fica del R:. E:. A:. A:. y otros ritos y tradiciones mas\u00f3nicas. En su b\u00fasqueda de luz, realiza seminarios, talleres y encuentros elaborados por y para sus miembros, as\u00ed como el acervo de publicaciones que complementan esa labor.&nbsp;<\/p>\n\n\n\n<p>El <strong>2\u00b0 Congreso Mundial de la U:. M:. M:. de SS:. GG:. II:. GG:.<\/strong> forma parte de su labor operativa y es un evento abierto a la Cadena Universal.<\/p>\n\n\n\n<p>M\u00e1s informaci\u00f3n: <a href=\"https:\/\/unionmasonicamundial.org\/umm\/ii-congreso-de-la-u-m-m-de-ss-gg-ii-gg\/\">https:\/\/unionmasonicamundial.org\/umm\/ii-congreso-de-la-u-m-m-de-ss-gg-ii-gg\/<\/a><\/p>\n\n\n\n<p><\/p>\n","protected":false},"excerpt":{"rendered":"<p>Congreso Mundial de la U:. M:. M:. de SS:. GG:. II:. GG:.. Durante los d\u00edas 8, 9 y 10 de diciembre de 2023 e:. v:. se realizar\u00e1 en la Ciudad de Buenos Aires &#8211; Argentina, el 2\u00b0 Congreso Mundial de la U:. M:. M:. de SS:. GG:. II:. GG:.. Desde su lanzamiento en abril de [&hellip;]<\/p>\n","protected":false},"author":1,"featured_media":732,"parent":0,"menu_order":0,"comment_status":"closed","ping_status":"closed","template":"","meta":{"footnotes":""},"class_list":["post-63","page","type-page","status-publish","has-post-thumbnail","hentry"],"_links":{"self":[{"href":"https:\/\/unionmasonicamundial.org\/umm\/wp-json\/wp\/v2\/pages\/63","targetHints":{"allow":["GET"]}}],"collection":[{"href":"https:\/\/unionmasonicamundial.org\/umm\/wp-json\/wp\/v2\/pages"}],"about":[{"href":"https:\/\/unionmasonicamundial.org\/umm\/wp-json\/wp\/v2\/types\/page"}],"author":[{"embeddable":true,"href":"https:\/\/unionmasonicamundial.org\/umm\/wp-json\/wp\/v2\/users\/1"}],"replies":[{"embeddable":true,"href":"https:\/\/unionmasonicamundial.org\/umm\/wp-json\/wp\/v2\/comments?post=63"}],"version-history":[{"count":30,"href":"https:\/\/unionmasonicamundial.org\/umm\/wp-json\/wp\/v2\/pages\/63\/revisions"}],"predecessor-version":[{"id":745,"href":"https:\/\/unionmasonicamundial.org\/umm\/wp-json\/wp\/v2\/pages\/63\/revisions\/745"}],"wp:featuredmedia":[{"embeddable":true,"href":"https:\/\/unionmasonicamundial.org\/umm\/wp-json\/wp\/v2\/media\/732"}],"wp:attachment":[{"href":"https:\/\/unionmasonicamundial.org\/umm\/wp-json\/wp\/v2\/media?parent=63"}],"curies":[{"name":"wp","href":"https:\/\/api.w.org\/{rel}","templated":true}]}}