{"id":559,"date":"2022-03-07T14:20:25","date_gmt":"2022-03-07T14:20:25","guid":{"rendered":"https:\/\/unionmasonicamundial.org\/umm\/?page_id=559"},"modified":"2022-03-07T14:28:29","modified_gmt":"2022-03-07T14:28:29","slug":"revista-masonica","status":"publish","type":"page","link":"https:\/\/unionmasonicamundial.org\/umm\/revista-masonica\/","title":{"rendered":"Revista Mas\u00f3nica"},"content":{"rendered":"\n<figure class=\"wp-block-image alignfull\"><img decoding=\"async\" src=\"https:\/\/rlaltuna.com\/wp-content\/uploads\/2018\/03\/poder-de-lo-sencillo.jpg\" alt=\"El poder de lo sencillo - R.\u00b7. Logia Altuna N\u00ba. 52\"\/><\/figure>\n\n\n\n<h2 class=\"has-text-align-center wp-block-heading\">Eterno Aprendiz<\/h2>\n\n\n\n<p class=\"has-text-align-center\"><strong>Revista Mas\u00f3nica de Filosof\u00eda y Simbolismo<\/strong><\/p>\n\n\n\n<p>La <strong>Uni\u00f3n Mas\u00f3nica Mundial de SS:. GG:. II:. GG:. <\/strong>publica <strong>Eterno Aprendiz<\/strong>&#8211; Revista Mas\u00f3nica de Filosof\u00eda y Simbolismo como herramienta de construcci\u00f3n del Templo Universal que se propone edificar.<\/p>\n\n\n\n<p>Est\u00e1 abierta la convocatoria de env\u00edo de balaustres para evaluar su publicaci\u00f3n. Los mismos deben tener una extensi\u00f3n de entre 6000 a 10000 caracteres. Deben enviarse a <a rel=\"noreferrer noopener\" href=\"mailto:unionmasonicamundial@gmail.com\" target=\"_blank\">unionmasonicamundial@gmail.com<\/a> <\/p>\n\n\n\n<p><strong>Fran\u00e7ais<\/strong>:&nbsp;<\/p>\n\n\n\n<p>L&#8217;Union Ma\u00e7onnique Mondiale des SS :. GG :. II :. GG :. publie Eterno Aprendiz \u2013 Magazine Ma\u00e7onnique de Philosophie et Symbolisme comme outil de construction pour le Temple Universel qu&#8217;il a l&#8217;intention de construire.<\/p>\n\n\n\n<p>L&#8217;appel \u00e0 soumission de balustres est ouvert pour \u00e9valuer leur publication. Ils doivent avoir une extension comprise entre 6000 et 10000 caract\u00e8res. Ils doivent \u00eatre envoy\u00e9s \u00e0 <a href=\"mailto:unionmasonicamundial@gmail.com\">unionmasonicamundial@gmail.com<\/a>&nbsp;<\/p>\n\n\n\n<p><strong>English<\/strong>:&nbsp;<\/p>\n\n\n\n<p>The World Masonic Union of SS:. GG:. II:. GG:. publishes Eterno Aprendiz \u2013 Masonic Magazine of Philosophy and Symbolism as a construction tool for the Universal Temple that it intends to build.<\/p>\n\n\n\n<p>The call for submission of balusters is open to evaluate their publication. They must have an extension of between 6000 to 10000 characters. They should be sent to <a href=\"mailto:unionmasonicamundial@gmail.com\">unionmasonicamundial@gmail.com<\/a>&nbsp;<\/p>\n\n\n\n<p><strong>Portugu\u00eas<\/strong>:&nbsp;<\/p>\n\n\n\n<p>A Uni\u00e3o Ma\u00e7\u00f4nica Mundial da SS:. GG:. II:. GG:. publica a Eterno Aprendiz \u2013 Revista Ma\u00e7\u00f4nica de Filosofia e Simbolismo como ferramenta de constru\u00e7\u00e3o do Templo Universal que pretende construir.<\/p>\n\n\n\n<p>A chamada para submiss\u00e3o de bala\u00fastres est\u00e1 aberta para avalia\u00e7\u00e3o de sua publica\u00e7\u00e3o. Devem ter uma extens\u00e3o entre 6.000 e 10.000 caracteres. Devem ser enviados para <a href=\"mailto:unionmasonicamundial@gmail.com\">unionmasonicamundial@gmail.com<\/a>&nbsp;<\/p>\n\n\n\n<p><strong>Italiano<\/strong>:&nbsp;&nbsp;<\/p>\n\n\n\n<p>L&#8217;Unione Massonica Mondiale delle SS:. GG:. II:. GG:. pubblica Eterno Aprendiz \u2013 Rivista Massonica di Filosofia e Simbolismo come strumento di costruzione per il Tempio Universale che intende costruire.&nbsp;<\/p>\n\n\n\n<p>Il bando per la presentazione delle colonnine \u00e8 aperto per valutarne la pubblicazione. Devono avere un&#8217;estensione compresa tra 6000 e 10000 caratteri. Dovrebbero essere inviati a <a href=\"mailto:unionmasonicamundial@gmail.com\">unionmasonicamundial@gmail.com<\/a>&nbsp;<\/p>\n","protected":false},"excerpt":{"rendered":"<p>Eterno Aprendiz Revista Mas\u00f3nica de Filosof\u00eda y Simbolismo La Uni\u00f3n Mas\u00f3nica Mundial de SS:. GG:. II:. GG:. publica Eterno Aprendiz&#8211; Revista Mas\u00f3nica de Filosof\u00eda y Simbolismo como herramienta de construcci\u00f3n del Templo Universal que se propone edificar. Est\u00e1 abierta la convocatoria de env\u00edo de balaustres para evaluar su publicaci\u00f3n. Los mismos deben tener una extensi\u00f3n [&hellip;]<\/p>\n","protected":false},"author":1,"featured_media":0,"parent":0,"menu_order":0,"comment_status":"closed","ping_status":"closed","template":"","meta":{"footnotes":""},"class_list":["post-559","page","type-page","status-publish","hentry"],"_links":{"self":[{"href":"https:\/\/unionmasonicamundial.org\/umm\/wp-json\/wp\/v2\/pages\/559","targetHints":{"allow":["GET"]}}],"collection":[{"href":"https:\/\/unionmasonicamundial.org\/umm\/wp-json\/wp\/v2\/pages"}],"about":[{"href":"https:\/\/unionmasonicamundial.org\/umm\/wp-json\/wp\/v2\/types\/page"}],"author":[{"embeddable":true,"href":"https:\/\/unionmasonicamundial.org\/umm\/wp-json\/wp\/v2\/users\/1"}],"replies":[{"embeddable":true,"href":"https:\/\/unionmasonicamundial.org\/umm\/wp-json\/wp\/v2\/comments?post=559"}],"version-history":[{"count":2,"href":"https:\/\/unionmasonicamundial.org\/umm\/wp-json\/wp\/v2\/pages\/559\/revisions"}],"predecessor-version":[{"id":563,"href":"https:\/\/unionmasonicamundial.org\/umm\/wp-json\/wp\/v2\/pages\/559\/revisions\/563"}],"wp:attachment":[{"href":"https:\/\/unionmasonicamundial.org\/umm\/wp-json\/wp\/v2\/media?parent=559"}],"curies":[{"name":"wp","href":"https:\/\/api.w.org\/{rel}","templated":true}]}}