{"id":272,"date":"2021-06-05T14:44:43","date_gmt":"2021-06-05T14:44:43","guid":{"rendered":"https:\/\/unionmasonicamundial.org\/umm\/?page_id=272"},"modified":"2021-09-13T16:22:18","modified_gmt":"2021-09-13T16:22:18","slug":"directorio-2021-2022","status":"publish","type":"page","link":"https:\/\/unionmasonicamundial.org\/umm\/directorio\/directorio-2021-2022\/","title":{"rendered":"Directorio 2021-2022"},"content":{"rendered":"\n<h2 class=\"wp-block-heading\">Organizaci\u00f3n<\/h2>\n\n\n\n<h2 class=\"wp-block-heading\">Consejo Ejecutivo<\/h2>\n\n\n\n<div class=\"wp-block-media-text alignwide is-stacked-on-mobile is-vertically-aligned-center\" style=\"grid-template-columns:21% auto\"><figure class=\"wp-block-media-text__media\"><img loading=\"lazy\" decoding=\"async\" width=\"680\" height=\"1024\" src=\"https:\/\/unionmasonicamundial.org\/umm\/wp-content\/uploads\/2021\/09\/Ricardo-Romero.png\" alt=\"\" class=\"wp-image-448 size-full\" srcset=\"https:\/\/unionmasonicamundial.org\/umm\/wp-content\/uploads\/2021\/09\/Ricardo-Romero.png 680w, https:\/\/unionmasonicamundial.org\/umm\/wp-content\/uploads\/2021\/09\/Ricardo-Romero-199x300.png 199w\" sizes=\"auto, (max-width: 680px) 100vw, 680px\" \/><\/figure><div class=\"wp-block-media-text__content\">\n<p class=\"has-text-align-center has-large-font-size\"><strong>Director Ejecutivo<\/strong><\/p>\n\n\n\n<p class=\"has-text-align-center has-large-font-size\"><a rel=\"noreferrer noopener\" href=\"https:\/\/unionmasonicamundial.org\/umm\/blog\/2021\/06\/01\/nuevo-director-ejecutivo\/\" data-type=\"URL\" data-id=\"https:\/\/unionmasonicamundial.org\/umm\/blog\/2021\/06\/01\/nuevo-director-ejecutivo\/\" target=\"_blank\">Ricardo Romero 3\u00ba 9\u00ba 33\u00b0<\/a><\/p>\n<\/div><\/div>\n\n\n\n<p><strong>Secretaria:&nbsp;<\/strong>Ver\u00f3nica B\u00e1ston 33\u00b0<\/p>\n\n\n\n<p><strong>Tesorero:&nbsp;<\/strong>Eduardo Medina 33\u00b0<\/p>\n\n\n\n<p><strong>Asesor Legislativo:&nbsp;<\/strong>Rodrigo Gonz\u00e1lez 33\u00b0<\/p>\n\n\n\n<p><strong>Depto. Jur\u00eddico:<\/strong>&nbsp;Rafael P\u00e9rez 33\u00b0<\/p>\n\n\n\n<p><strong>Depto de Formaci\u00f3n Filos\u00f3fica:&nbsp;<\/strong>Manuel Tuero 33\u00b0<\/p>\n\n\n\n<p><strong>Depto. Comunicaci\u00f3n:&nbsp;<\/strong>Roc\u00edo Vera 33\u00b0<\/p>\n\n\n\n<p><strong>Coordinador Congreso Internacional:&nbsp;<\/strong>V\u00edctor Ramos 33\u00b0<\/p>\n\n\n\n<p><strong>Coordinador de Proyectos:&nbsp;<\/strong>Bruno Pelaez 33\u00b0<\/p>\n\n\n\n<p><strong>Gran Canciller:&nbsp;<\/strong>Richard Marty 33\u00b0<\/p>\n\n\n\n<p><strong>Cancilleres<\/strong><\/p>\n\n\n\n<ul class=\"wp-block-list\"><li>Pasquale Antonio Di Todaro 33\u00b0<\/li><li>Filippo Gammicchia 33\u00b0<\/li><\/ul>\n\n\n\n<ul class=\"wp-block-list\"><li>Marivaldo Da Cruz Sales 33\u00b0<\/li><li>Michel Pierre 33\u00b0<\/li><li>Hu\u00e9mac Gonz\u00e1lez Cant\u00fa 33\u00b0<\/li><\/ul>\n\n\n\n<h2 class=\"wp-block-heading\">Consejo Directivo &#8211; Representantes por Pa\u00edses<\/h2>\n\n\n\n<figure class=\"wp-block-table\"><table><tbody><tr><td>Pa\u00eds<\/td><td><strong>Nombre<\/strong><\/td><td><strong>Apellido<\/strong><\/td><\/tr><tr><td>Albania<\/td><td>Frecchio<\/td><td>Giuseppe<\/td><\/tr><tr><td>Argentina<\/td><td>Luz<\/td><td>Bertoia<\/td><\/tr><tr><td>Belgica<\/td><td>Pierre<\/td><td>Dutrom<\/td><\/tr><tr><td>Brasil<\/td><td>Ricardo<\/td><td>Saliba Urbano<\/td><\/tr><tr><td>Congo<\/td><td>Simon Pierre<\/td><td>Pembet Sytha<\/td><\/tr><tr><td>Cuba<\/td><td>Lazaro Orlando<\/td><td>Herrera Gonzalez<\/td><\/tr><tr><td>Ecuador<\/td><td>Fernando<\/td><td>Gonz\u00e1lez<\/td><\/tr><tr><td>EEUU<\/td><td>Gregory<\/td><td>Wright<\/td><\/tr><tr><td>Espa\u00f1a<\/td><td>Manuel Antonio<\/td><td>Tuero<\/td><\/tr><tr><td>Francia<\/td><td>Jean Marc<\/td><td>Aractingui<\/td><\/tr><tr><td>Grecia<\/td><td>Nikolaos<\/td><td>Katomeris<\/td><\/tr><tr><td>Haiti<\/td><td>Michel<\/td><td>Pierre<\/td><\/tr><tr><td>Italia<\/td><td>Mario<\/td><td>La Spina<\/td><\/tr><tr><td>Libano<\/td><td>Mohamad Khaled<\/td><td>Kobrosly<\/td><\/tr><tr><td>Macedonia<\/td><td>Snezana<\/td><td>Zecevic<\/td><\/tr><tr><td>Madagastcar<\/td><td>Marie Monique<\/td><td>Maillot<\/td><\/tr><tr><td>Marruecos<\/td><td>Jamal<\/td><td>Tlaty<\/td><\/tr><tr><td>M\u00e9xico<\/td><td>Jos\u00e9 Ernesto<\/td><td>Valencia Raya<\/td><\/tr><tr><td>Paraguay<\/td><td>Victor Manuel<\/td><td>Ramos<\/td><\/tr><tr><td>Per\u00fa<\/td><td>Javier<\/td><td>Ag\u00fcero Vega<\/td><\/tr><tr><td>Rumania<\/td><td>Georghe<\/td><td>Petrescu<\/td><\/tr><tr><td>Uruguay<\/td><td>Mar\u00eda Mercedes<\/td><td>Ramos Insua<\/td><\/tr><tr><td>Venezuela<\/td><td>Rafa\u00e9l<\/td><td>P\u00e9rez D\u00edaz<\/td><\/tr><tr><td>Panam\u00e1<\/td><td>Alfredo<\/td><td>Jim\u00e9nez<\/td><\/tr><\/tbody><\/table><\/figure>\n","protected":false},"excerpt":{"rendered":"<p>Organizaci\u00f3n Consejo Ejecutivo Director Ejecutivo Ricardo Romero 3\u00ba 9\u00ba 33\u00b0 Secretaria:&nbsp;Ver\u00f3nica B\u00e1ston 33\u00b0 Tesorero:&nbsp;Eduardo Medina 33\u00b0 Asesor Legislativo:&nbsp;Rodrigo Gonz\u00e1lez 33\u00b0 Depto. Jur\u00eddico:&nbsp;Rafael P\u00e9rez 33\u00b0 Depto de Formaci\u00f3n Filos\u00f3fica:&nbsp;Manuel Tuero 33\u00b0 Depto. Comunicaci\u00f3n:&nbsp;Roc\u00edo Vera 33\u00b0 Coordinador Congreso Internacional:&nbsp;V\u00edctor Ramos 33\u00b0 Coordinador de Proyectos:&nbsp;Bruno Pelaez 33\u00b0 Gran Canciller:&nbsp;Richard Marty 33\u00b0 Cancilleres Pasquale Antonio Di Todaro 33\u00b0 Filippo [&hellip;]<\/p>\n","protected":false},"author":1,"featured_media":86,"parent":79,"menu_order":0,"comment_status":"closed","ping_status":"closed","template":"","meta":{"footnotes":""},"class_list":["post-272","page","type-page","status-publish","has-post-thumbnail","hentry"],"_links":{"self":[{"href":"https:\/\/unionmasonicamundial.org\/umm\/wp-json\/wp\/v2\/pages\/272","targetHints":{"allow":["GET"]}}],"collection":[{"href":"https:\/\/unionmasonicamundial.org\/umm\/wp-json\/wp\/v2\/pages"}],"about":[{"href":"https:\/\/unionmasonicamundial.org\/umm\/wp-json\/wp\/v2\/types\/page"}],"author":[{"embeddable":true,"href":"https:\/\/unionmasonicamundial.org\/umm\/wp-json\/wp\/v2\/users\/1"}],"replies":[{"embeddable":true,"href":"https:\/\/unionmasonicamundial.org\/umm\/wp-json\/wp\/v2\/comments?post=272"}],"version-history":[{"count":11,"href":"https:\/\/unionmasonicamundial.org\/umm\/wp-json\/wp\/v2\/pages\/272\/revisions"}],"predecessor-version":[{"id":455,"href":"https:\/\/unionmasonicamundial.org\/umm\/wp-json\/wp\/v2\/pages\/272\/revisions\/455"}],"up":[{"embeddable":true,"href":"https:\/\/unionmasonicamundial.org\/umm\/wp-json\/wp\/v2\/pages\/79"}],"wp:featuredmedia":[{"embeddable":true,"href":"https:\/\/unionmasonicamundial.org\/umm\/wp-json\/wp\/v2\/media\/86"}],"wp:attachment":[{"href":"https:\/\/unionmasonicamundial.org\/umm\/wp-json\/wp\/v2\/media?parent=272"}],"curies":[{"name":"wp","href":"https:\/\/api.w.org\/{rel}","templated":true}]}}