{"id":269,"date":"2021-06-05T14:08:23","date_gmt":"2021-06-05T14:08:23","guid":{"rendered":"https:\/\/unionmasonicamundial.org\/umm\/?page_id=269"},"modified":"2021-10-19T13:15:07","modified_gmt":"2021-10-19T13:15:07","slug":"estatuto","status":"publish","type":"page","link":"https:\/\/unionmasonicamundial.org\/umm\/estatuto\/","title":{"rendered":"Estatuto"},"content":{"rendered":"\n<p>EN LA CIUDAD DE ASUNCI\u00d3N, DE LA REP\u00daBLICA DE PARAGUAY, SE RE\u00daNEN EL CONSEJO EJECUTIVO Y DIRECTIVO EN ASAMBLEA GENERAL CUMPLIENDO CON EL OBJETIVO DE SU ESTATUTO CONSTITUTIVO DEL 10 DE JUNIO DE 2020, A FIN DE REAFIRMAR Y CONSOLIDAR INSTITUCIONALMENTE LA UNI\u00d3N MAS\u00d3NICA MUNDIAL DE SS:. GG:. II:. GG:.<\/p>\n\n\n\n<p>EN TAL SENTIDO, CON EL MANDATO DE LAS Y LOS MIEMBROS A TRAV\u00c9S DE SUS EMBAJADORES Y CANCILLERES, ATENTO AL ART\u00cdCULO 10 DEL ESTATUTO VIGENTE EN ANEXO DE LA PRESENTE, DECIDE REALIZAR MODIFICACIONES AL MISMO BAJO SUS ATRIBUCIONES, QUEDANDO EL MISMO DE LA SIGUIENTE FORMA.<\/p>\n\n\n\n<p><strong>ESTATUTO<\/strong><\/p>\n\n\n\n<p>LOS FUNDADORES DE LA UNI\u00d3N MAS\u00d3NICA MUNDIAL (UMM) ADOPTAMOS ESTE ESTATUTO CONFEDERADO, EL CUAL SER\u00c1 DE OBLIGATORIO ACATAMIENTO POR PARTE TODOS Y CADA UNO DE QUIENES PERTENEZCAN A LA ORGANIZACI\u00d3N, PARA PRESERVAR JUNTOS LAS TRADICIONES USOS Y COSTUMBRES DE LA MASONER\u00cdA ESCOCISTA, ESTATUTOS CONTENIDOS EN LOS SIGUIENTES ART\u00cdCULOS:<\/p>\n\n\n\n<p><strong>ART.1<\/strong><\/p>\n\n\n\n<p><strong>CONSTITUCI\u00d3N DE LA UNI\u00d3N<\/strong><\/p>\n\n\n\n<p>LOS SOBERANOS GRANDES INSPECTORES GENERALES DE LA ORDEN REUNIDOS EN LA UNI\u00d3N MAS\u00d3NICA MUNDIAL DE SS:. GG:. II:. GG:. PRETENDEN CONJUNTAMENTE DEFENDER, EN ESP\u00cdRITU DE AUT\u00c9NTICA FRATERNIDAD, LA PRESERVACI\u00d3N Y PROMOCI\u00d3N DEL CONOCIMIENTO Y DEL PERMANENTE CRECIMIENTO INTERIOR DE UNO MISMO, LUCHANDO CONTRA LA INTOLERANCIA Y LA DISCRIMINACI\u00d3N EN CUALQUIERA DE SUS FORMAS, AYUDANDO A REDESCUBRIR Y CIMENTAR EL ESP\u00cdRITU DE SOLIDARIDAD, PROMOVIENDO Y FOMENTANDO LA AYUDA MUTUA COMO SIGNO DE IGUALDAD ENTRE LOS SERES HUMANOS, TRABAJANDO POR LA PAZ, CONSIDER\u00c1NDOLA COMO UN ELEMENTO DE ARMON\u00cdA ENTRE LOS PUEBLOS, ESENCIAL PARA SU DESARROLLO INTEGRAL EN LIBERTAD Y SOBERAN\u00cdA.<\/p>\n\n\n\n<p><strong>ART. 2<\/strong><\/p>\n\n\n\n<p><strong>DE LAS CREDENCIALES<\/strong><\/p>\n\n\n\n<p>LOS SOBERANOS GRANDES INSPECTORES GENERALES DE LA ORDEN, POR SU LIBRE VOLUNTAD, TENDR\u00c1N QUE PRESENTAR ANTE EL RESPONSABLE DE SU PA\u00cdS, LOS DOCUMENTOS HABILITANTES. EL RESPONSABLE DEL PA\u00cdS VALIDAR\u00c1 LA IDONEIDAD DEL ASPIRANTE O RECOMENDADO Y PODR\u00c1 PROCEDER, BAJO SU CRITERIO, A INCLUIRLO, ENVIANDO ENSEGUIDA UN INFORME MOTIVADO A LA SECRETAR\u00cdA PARA JUSTIFICAR SU INCLUSI\u00d3N EN EL REGISTRO DE LA U:. M:. M:. SS:. GG:. II:. GG:.. EN CASO DE QUE EL INTERESADO SE DIRIJA A CUALQUIER OTRO INTEGRANTE DE LA U:. M:. M:. SS:. GG:. II:. GG:., SER\u00c1 INMEDIATAMENTE REMITIDO, DIRECTAMENTE O A TRAV\u00c9S DE SECRETAR\u00cdA, AL RESPONSABLE DEL PA\u00cdS PARA QUE SEA POR SU CONDUCTO QUE SE SURTAN LOS TR\u00c1MITES.&nbsp;<\/p>\n\n\n\n<p><strong>SI LA SOLICITUD DERIVA DE UN PA\u00cdS SIN REPRESENTANTE, EL CANCILLER CONTINENTAL VALIDAR\u00c1 EL PEDIDO. EN CASO DE RECHAZO FUNDADO, EL SOLICITANTE PODR\u00c1 APELAR ANTE EL CONSEJO DIRECTIVO, QUE PODR\u00c1 APROBAR O RECHAZAR LA MEMBRES\u00cdA<\/strong><\/p>\n\n\n\n<p>EN ARAS DE LA FRATERNIDAD Y DE LA U:. M:. M:. SS:. GG:. II:. GG:., COMO NUESTRO NOMBRE LO DICE, PODR\u00c1N PERTENECER A LA ORGANIZACI\u00d3N HERMANOS QUE OSTENTEN ALTOS GRADOS DE OTROS RITOS, A QUIENES SE LES RECONOZCA EQUIVALENCIA CON EL GRADO 33 DEL RITO ESCOC\u00c9S ANTIGUO Y ACEPTADO. PARA EL EFECTO, LA U:. M:. M:. SS:. GG:. II:. GG:. ESTABLECER\u00c1 TALES EQUIVALENCIAS.<\/p>\n\n\n\n<p><strong>ART.3<\/strong><\/p>\n\n\n\n<p><strong>DEL RECONOCIMIENTO MUTUO<\/strong><\/p>\n\n\n\n<p>CADA SOBERANO GRAN INSPECTOR GENERAL DE LA ORDEN RECONOCE EL RANGO DE LOS DEM\u00c1S INTEGRANTES DEBIDAMENTE ACREDITADOS Y SE COMPROMETE A RESPETAR LA AUTONOM\u00cdA DE SUS IGUALES EN CADA PA\u00cdS O REGI\u00d3N.<\/p>\n\n\n\n<p><strong>ART.4<\/strong><\/p>\n\n\n\n<p><strong>DE COLABORACI\u00d3N FRATERNA<\/strong><\/p>\n\n\n\n<p>PARA LA DEFINICI\u00d3N, ELABORACI\u00d3N E IMPLEMENTACI\u00d3N DE PROYECTOS DE INTER\u00c9S MUTUO Y\/O COMPARTIDO, LOS MIEMBROS DE LA ORGANIZACI\u00d3N&nbsp; UTILIZAR\u00c1N LAS ESTRUCTURAS LOG\u00cdSTICAS Y ADMINISTRATIVAS ESPEC\u00cdFICAS DE LA UMM, SIN PERJUICIO DE QUE EN CUALQUIER MOMENTO PUEDAN COLABORAR APORTANDO SOPORTE T\u00c9CNICO O LOG\u00cdSTICO PARA LA CONSECUCI\u00d3N DE LOS FINES ESPERADOS.<\/p>\n\n\n\n<p>SE COMPROMETEN TAMBI\u00c9N A PROMOVER LA FORMACI\u00d3N, CAPACITACI\u00d3N, DOCENCIA E INVESTIGACI\u00d3N MAS\u00d3NICAS, A TRAV\u00c9S DE PROGRAMAS ACAD\u00c9MICOS OFICIALES MEDIANTE CONVENIOS SUSCRITOS PARA TAL EFECTO CON UNIVERSIDADES Y OTRAS INSTITUCIONES DE EDUCACI\u00d3N SUPERIOR EN CADA PA\u00cdS O REGI\u00d3N.<\/p>\n\n\n\n<p><strong>ART. 5<\/strong><\/p>\n\n\n\n<p><strong>DE LOS RESPONSABLES NACIONALES<\/strong><\/p>\n\n\n\n<p>EN CONSIDERACI\u00d3N DE LA DIN\u00c1MICA INICIAL DETERMINADA MEDIANTE ADHESI\u00d3N VOLUNTARIA A ESTA INICIATIVA MAS\u00d3NICA PROPUESTA POR ILUSTRES HERMANOS DEL PARAGUAY, MEDIANTE CONSENSO SE INTEGR\u00d3 UNA RED DE REPRESENTANTES DE LOS PA\u00cdSES QUE SE CONSTITUYEN EN MIEMBROS FUNDADORES NATOS, POR TANTO, SON LOS RESPONSABLES DE LA VINCULACI\u00d3N Y\/O DESCALIFICACI\u00d3N Y RETIRO DE LOS GRANDES INSPECTORES GENERALES DE LA ORDEN Y HOMOLOGADOS DE OTROS RITOS QUE YA SE HALLEN INSCRIPTOS, CUANDO SEA DEL CASO.<\/p>\n\n\n\n<p>DE MANERA OPTATIVA, EN CADA PA\u00cdS SE INTEGRAR\u00c1N CAP\u00cdTULOS ORG\u00c1NICOS QUE INCLUIR\u00c1N PARA SUS DELIBERACIONES Y TRABAJOS FILOS\u00d3FICOS A LOS INTEGRANTES DE LOS DIFERENTES RITOS. AS\u00cd, LOS INTEGRANTES DE TALES CAP\u00cdTULOS PODR\u00cdAN SER MIEMBROS DE LOS RITOS ESCOC\u00c9S ANTIGUO Y ACEPTADO, FRANC\u00c9S\/MODERNO, YORK, ANTIGUO DE MEMPHIS MIZRAIM, MAS\u00d3NICO TEMPLARIO, NACIONAL MEXICANO, FRANCMAS\u00d3NICO ANDINO, DE LA ORDEN MARTINISTA, O DE CUALQUIER OTRO RITO U ORDEN QUE CORRESPONDA A LOS PRINCIPIOS DE LA MASONER\u00cdA DE ALTOS GRADOS.<\/p>\n\n\n\n<p>ESTA ORGANIZACI\u00d3N CAPITULAR PERMITIR\u00c1 EL DESARROLLO ACAD\u00c9MICO DE LA MASONER\u00cdA FILOS\u00d3FICA DESDE LA \u00d3PTICA DE SUS VARIOS RITOS, Y ALIMENTAR\u00c1 LA ESTRUCTURA Y LOS TRABAJOS DE LA UNI\u00d3N.<\/p>\n\n\n\n<p><strong>ART.6<\/strong><\/p>\n\n\n\n<p><strong>DE LOS \u00d3RGANOS DE GOBIERNO<\/strong><\/p>\n\n\n\n<p>LA U:. M:. M:. SS:. GG:. II:. GG:.. ES UNA ASOCIACI\u00d3N DE SOBERANOS GRANDES INSPECTORES DE LA ORDEN, ES DECIR DE MASONES QUE OSTENTEN EL GRADO TREINTA Y TRES (33) Y \u00daLTIMO DEL RITO ESCOC\u00c9S ANTIGUO Y ACEPTADO, AS\u00cd COMO DE HERMANAS Y HERMANOS&nbsp; QUE OSTENTEN ALTOS GRADOS DE OTROS RITOS, A QUIENES SE LES RECONOZCA EQUIVALENCIA CON EL GRADO 33 DEL R.E.A.A.&nbsp;<\/p>\n\n\n\n<p>EL GOBIERNO DE LA U:. M:. M:. SS:. GG:. II:. GG:. SER\u00c1 DE CAR\u00c1CTER HORIZONTAL Y DEMOCR\u00c1TICO, Y SER\u00c1 EJERCIDO DE LA SIGUIENTE MANERA:<\/p>\n\n\n\n<ol class=\"wp-block-list\"><li>POR EL CONSEJO DIRECTIVO, INTEGRADO POR LOS REPRESENTANTES DE CADA PA\u00cdS, QUIENES CONSTITUIR\u00c1N EL M\u00c1XIMO \u00d3RGANO EJECUTIVO, LEGISLATIVO Y JUDICIAL DE LA ORGANIZACI\u00d3N, CON TODAS LAS FUNCIONES Y PRERROGATIVAS NECESARIAS PARA EL EJERCICIO DE TALES FUNCIONES.<\/li><li>POR UN DIRECTOR EJECUTIVO ELEGIDO PARA UN PER\u00cdODO DE&nbsp;<strong>DOS (2) A\u00d1OS<\/strong>, REELEGIBLE POR UN SOLO PER\u00cdODO CONSECUTIVO, QUIEN EJERCER\u00c1 SU REPRESENTACI\u00d3N LEGAL.<\/li><\/ol>\n\n\n\n<p>EL DIRECTOR EJECUTIVO NOMBRAR\u00c1 UN SECRETARIO Y UN TESORERO, QUIENES PARA LA EFICIENCIA DE LA GESTI\u00d3N DEBER\u00c1N SER DE SU MISMO PA\u00cdS.&nbsp;<strong>TAMBI\u00c9N NOMINAR\u00c1 UN GRAN CANCILLER RADICADO EN OTRO CONTINENTE A FIN DE GARANTIZAR REPRESENTACI\u00d3N MUNDIAL.<\/strong>&nbsp;TODOS LOS CARGOS SON DE LIBRE NOMBRAMIENTO Y REMOCI\u00d3N.<\/p>\n\n\n\n<p><strong>ART.7<\/strong><\/p>\n\n\n\n<p><strong>DEL CONSEJO DIRECTIVO<\/strong><\/p>\n\n\n\n<p>DURANTE EL PROCESO FUNDACIONAL DE LA U:. M:. M:. SS:. GG:. II:. GG:.. HAN SIDO ELEGIDOS, DE ENTRE LOS MIEMBROS FUNDADORES, REPRESENTANTES PARA CADA PA\u00cdS, QUIENES CON EL \u00daNICO FIN DE DAR CONTINUIDAD AL ESP\u00cdRITU QUE MOTIV\u00d3 LA UNI\u00d3N, EJERCER\u00c1N TALES FUNCIONES DURANTE LOS DOS (2) PRIMEROS A\u00d1OS DE OPERACI\u00d3N DE \u00c9STA.<\/p>\n\n\n\n<p><strong>A PARTIR DE TRES S S:. GG:. II:. GG:. DE UN PA\u00cdS, PODR\u00c1N ELEGIR UN REPRESENTANTE NACIONAL (EMBAJADOR) QUE TENDR\u00c1 VOZ Y VOTO EN EL CONSEJO DIRECTIVO.&nbsp;<\/strong><\/p>\n\n\n\n<p><strong>CADA 11 SS:. GG:. II:. GG:. UN PA\u00cdS PODR\u00c1 NOMINAR UN REPRESENTANTE M\u00c1S, HASTA 33 SS:. GG:. II:. GG:., SIENDO LA REPRESENTACI\u00d3N M\u00c1XIMA DE TRES MIEMBROS CON VOZ Y VOTO.<\/strong><\/p>\n\n\n\n<p>LA REPRESENTACI\u00d3N DE UN PA\u00cdS NO ES INCOMPATIBLE CON EL EJERCICIO DE CUALQUIER CARGO DENTRO DE LA UNI\u00d3N.&nbsp;<\/p>\n\n\n\n<p>LOS REPRESENTANTES DE CADA PA\u00cdS TENDR\u00c1N VOZ Y VOTO EN EL CONSEJO DIRECTIVO, INDEPENDIENTEMENTE DE QUE EJERZAN UN CARGO AL INTERIOR DE LA UMM.<\/p>\n\n\n\n<p>NING\u00daN MIEMBRO DEL CONSEJO DIRECTIVO PODR\u00c1 EJERCER M\u00c1S DE UN (1) VOTO COMO REPRESENTANTE DE SU PROPIO PA\u00cdS.<\/p>\n\n\n\n<p>Y, EN EL CASO DE&nbsp;<strong>CANCILLERES<\/strong>&nbsp;QUE HAN SIDO ELEGIDOS PARA REPRESENTAR TEMPORALMENTE M\u00c1S DE UN PA\u00cdS, SOLO EJERCER\u00c1N UN (1) VOTO POR EL SUYO PROPIO E IR\u00c1N CEDIENDO LA REPRESENTACI\u00d3N DE AQUELLOS PA\u00cdSES QUE NO TIENEN ACTUALMENTE NING\u00daN PARTICIPANTE, EN LA MEDIDA EN QUE VAYAN INGRESANDO SOBERANOS GRANDES INSPECTORES GENERALES DE LA ORDEN O EQUIVALENTES HOMOLOGADOS, DOMICILIADOS EN ELLOS.<\/p>\n\n\n\n<p>QUIENES POR FUERZA MAYOR NO PUEDAN ASISTIR A LAS REUNIONES PRESENCIALES O VIRTUALES DEL CONSEJO DIRECTIVO PODR\u00c1N HACERSE REPRESENTAR, MEDIANTE PODER RADICADO CON ANTELACI\u00d3N EN SECRETAR\u00cdA, POR PARTE&nbsp;<strong>DEL CANCILLER DE SU REGI\u00d3N O<\/strong>&nbsp;DE OTRO DE SUS PARES AL INTERIOR DE ESTE \u00d3RGANO DE GOBIERNO. NING\u00daN MIEMBRO PODR\u00c1 RECIBIR M\u00c1S DE UN (1) PODER PARA CADA SESI\u00d3N.<\/p>\n\n\n\n<p>LA INASISTENCIA A TRES (3) SESIONES CONSECUTIVAS SIN CAUSA JUSTIFICADA, SER\u00c1 CONSIDERADA COMO UNA RENUNCIA AL CARGO DE INTEGRANTE DEL CONSEJO DIRECTIVO. EN TAL CASO, LA DESVINCULACI\u00d3N SER\u00c1 EFECTIVA DE INMEDIATO SIN NECESIDAD DE PROCESO ALGUNO, Y SE PROCEDER\u00c1 A LA ELECCI\u00d3N DE SU REEMPLAZO, EN LOS T\u00c9RMINOS AQU\u00cd PREVISTOS.<\/p>\n\n\n\n<p>EL QU\u00d3RUM DELIBERATORIO Y DECISORIO DEL CONSEJO DIRECTIVO ESTAR\u00c1 CONSTITUIDO POR EL VEINTICINCO POR CIENTO (25%) DEL TOTAL DE SUS INTEGRANTES, Y LAS DECISIONES SE ADOPTAR\u00c1N POR MAYOR\u00cdA SIMPLE DE LOS PARTICIPANTES.<\/p>\n\n\n\n<p>EL CONSEJO DIRECTIVO SE REUNIR\u00c1 EN ASAMBLEA GENERAL CON TODOS LOS INTEGRANTES DE LA&nbsp;<strong>U:. M:. M:. SS:. GG:. II:. GG:.&nbsp;<\/strong>DE<strong>&nbsp;<\/strong>, DE MANERA PRESENCIAL Y ORDINARIA UNA VEZ AL A\u00d1O, EN LA SEDE DEL DIRECTOR EJECUTIVO Y POR CONVOCATORIA DE \u00c9STE, EN LA PRIMERA SEMANA DEL MES DE OCTUBRE. Y, DE MANERA VIRTUAL, AL MENOS UNA VEZ CADA DOS (2) MESES MEDIANTE CONVOCATORIA PROGRAMADA EN CONSENSO POR PARTE DE SUS MIEMBROS.&nbsp;<strong>LAS REUNIONES VIRTUALES PODR\u00c1N REALIZARSE DE MANERA REGIONAL.<\/strong>&nbsp;<\/p>\n\n\n\n<p>EL CONSEJO PODR\u00c1 NOMBRAR CUANTAS COMISIONES CONSIDERE NECESARIAS PARA EL LOGRO DE LOS OBJETIVOS DE LA UNI\u00d3N O PARA ASUNTOS COYUNTURALES.<\/p>\n\n\n\n<p><strong>ART.8<\/strong><\/p>\n\n\n\n<p><strong>&nbsp;DEL DIRECTOR EJECUTIVO<\/strong><\/p>\n\n\n\n<p>EL DIRECTOR EJECUTIVO SER\u00c1 EL REPRESENTANTE LEGAL DE LA UNI\u00d3N Y EJERCER\u00c1 TODAS LAS FUNCIONES Y COMPETENCIAS QUE ELLO LE IMPLICA, SALVO LA DE TOMAR CR\u00c9DITOS DE CUALQUIER \u00cdNDOLE O ENAJENAR LOS BIENES DE LA ORGANIZACI\u00d3N A CUALQUIER T\u00cdTULO.&nbsp;<\/p>\n\n\n\n<p>SU TRABAJO DEBE DESTACARSE PRINCIPALMENTE POR LA VIRTUD DE LA PRUDENCIA, ACTUANDO SIEMPRE DE FORMA CUIDADA Y MESURADA EN SU FUNCI\u00d3N DIRECTIVA.<\/p>\n\n\n\n<p>LE EST\u00c1N PROHIBIDAS LAS MANIFESTACIONES P\u00daBLICAS QUE IMPLIQUEN TOMAR POSICI\u00d3N EN LOS ASUNTOS INTERNOS DE CUALQUIER NACI\u00d3N.<\/p>\n\n\n\n<p><strong>PODR\u00c1 CONSTITUIR SECRETAR\u00cdAS, \u00c1REAS Y DEPARTAMENTOS QUE CONSIDERE NECESARIO, AD REFER\u00c9NDUM DEL CONSEJO DIRECTIVO.<\/strong><\/p>\n\n\n\n<p><strong>JUNTO AL GRAN CANCILLER DESIGNAN CANCILLERES REGIONALES A FIN DE GARANTIZAR LA REPRESENTACI\u00d3N DE LA U:. M:. M:. SS:. GG:. II:. GG:. A NIVEL MUNDIAL.&nbsp;<\/strong><\/p>\n\n\n\n<p><strong>JUNTO A LAS Y LOS CANCILLERES, SE APRUEBAN INGRESOS DE SS:. GG:. II:. GG:. DE PA\u00cdSES SIN REPRESENTACI\u00d3N.<\/strong><\/p>\n\n\n\n<p><strong>ART.9<\/strong><\/p>\n\n\n\n<p><strong>DE LA DISCIPLINA<\/strong><\/p>\n\n\n\n<p>LAS SANCIONES APLICABLES A LOS INTEGRANTES DE LA ORGANIZACI\u00d3N SER\u00c1N DEL RESORTE EXCLUSIVO DEL CONSEJO DIRECTIVO Y SER\u00c1N GRADUALES, PARTIENDO DESDE EL REPROCHE ORAL, PASANDO POR UNA SUSPENSI\u00d3N DE DURACI\u00d3N DETERMINADA, HASTA LA EXPULSI\u00d3N POR ACTOS CONSIDERADOS GRAVES Y REPETIDOS Y\/O COMPORTAMIENTOS PERJUDICIALES PARA EL PRESTIGIO Y LA IMAGEN DE LA INSTITUCI\u00d3N. ESTAS DECISIONES SER\u00c1N APELABLES PASADO UN (1) A\u00d1O DESDE LA IMPOSICI\u00d3N DE LA SANCI\u00d3N. EL RECHAZO DE LA APELACI\u00d3N SER\u00c1 DEFINITIVO Y NO ADMITIR\u00c1 NING\u00daN OTRO RECURSO.<\/p>\n\n\n\n<p>NO OBSTANTE LO ANTERIOR, LOS \u00d3RGANOS DE GOBIERNO SE COMPROMETEN A RESOLVER, EN PRIMERA INSTANCIA, CUALQUIER DISCREPANCIA CON ESP\u00cdRITU FRATERNO Y DE ACUERDO CON LAS NORMAS DE CONVIVENCIA HUMANA Y LOS C\u00d3DIGOS DE \u00c9TICA MAS\u00d3NICA.&nbsp;<\/p>\n\n\n\n<p><strong>ART.10<\/strong><\/p>\n\n\n\n<p><strong>DE LAS CONTRIBUCIONES ECON\u00d3MICAS.<\/strong><\/p>\n\n\n\n<p>CADA MIEMBRO CONTRIBUIR\u00c1 A LOS GASTOS NECESARIOS PARA EL FUNCIONAMIENTO DE LAS ESTRUCTURAS DE LA UNI\u00d3N, PAGANDO UNA TASA ANUAL QUE SE ESTABLECER\u00c1 DURANTE CADA REUNI\u00d3N ORDINARIA ANUAL, AL MISMO TIEMPO DE APROBACI\u00d3N DEL PRESUPUESTO Y UNA VEZ APROBADO O IMPROBADO EL INFORME DEL DIRECTOR EJECUTIVO.&nbsp;<strong>COMO BASE SER\u00c1 DE UN \u00cdNDICE BIG MAC POR MES, TOTALIZANDO 12 IBM COMO TASA ANUAL.<\/strong><\/p>\n\n\n\n<p>EL IMPAGO DE UNA (1) ANUALIDAD IMPLICA LA INVALIDACI\u00d3N DE LA MEMBRES\u00cdA&nbsp;<strong>PLENA, QUEDANDO CON LA CONDICI\u00d3N DE ADHERENTE.<\/strong><\/p>\n\n\n\n<p><strong>NO SE PUEDEN EJERCER VOTO PARA ELECCI\u00d3N NI OCUPACI\u00d3N DE CARGOS EN LA U:. M:. M:. SS:. GG:. II:. GG:. SI SE TIENE DEUDA CON LA TESORER\u00cdA.<\/strong><\/p>\n\n\n\n<p><strong>LAS Y LOS EMBAJADORES MANTENDR\u00c1N VOZ Y VOTO, EN TANTO TENGAN AL MENOS TRES MIEMBROS DE SU PA\u00cdS CON LA ANUALIDAD PAGA.<\/strong><\/p>\n\n\n\n<p><strong>ART. 11<\/strong><\/p>\n\n\n\n<p><strong>DE LAS MODIFICACIONES A ESTATUTOS Y REGLAMENTOS<\/strong><\/p>\n\n\n\n<p>EL DIRECTOR EJECUTIVO PRESENTAR\u00c1, A M\u00c1S TARDAR EN EL MES DE JUNIO DE CADA A\u00d1O, CUALQUIER PROYECTO DE MODIFICACI\u00d3N DE LOS ESTATUTOS O DE LOS REGLAMENTOS GENERALES, PROYECTO QUE SER\u00c1 SOCIALIZADO A TODOS LOS MIEMBROS DE LA UNI\u00d3N A FIN DE QUE RADIQUEN SUS COMENTARIOS O PROPOSICIONES, A M\u00c1S TARDAR EN EL MES DE AGOSTO. UNA VEZ CONSOLIDADAS LAS RECOMENDACIONES, SER\u00c1N ENVIADAS NUEVAMENTE A LOS INTEGRANTES PARA SU CONOCIMIENTO.<\/p>\n\n\n\n<p>LAS MODIFICACIONES SER\u00c1N DEBATIDAS Y APROBADAS POR MAYOR\u00cdA SIMPLE DE LOS ASISTENTES A LA ASAMBLEA, CUYO QU\u00d3RUM ESTAR\u00c1 CONFORMADO EN LAS MISMAS PROPORCIONES FIJADAS PARA EL DEL CONSEJO DIRECTIVO.&nbsp;<\/p>\n\n\n\n<p><strong>ART. 1<\/strong>2<\/p>\n\n\n\n<p><strong>TRANSITORIO&nbsp;<\/strong><\/p>\n\n\n\n<p>EL DIRECTOR EJECUTIVO PRESENTAR\u00c1 AL CONSEJO DIRECTIVO, EN EL T\u00c9RMINO M\u00c1XIMO DE DOS (2) MESES A PARTIR DE LA FECHA DE APROBACI\u00d3N DE LOS PRESENTES ESTATUTOS, UN PROYECTO DE REGLAMENTOS GENERALES QUE SER\u00c1 DEBATIDO Y APROBADO EN EL SENO DE ESTE \u00d3RGANO DE GOBIERNO.<\/p>\n\n\n\n<p><strong>PROVISORIAMENTE, EMITIR\u00c1 DISPOSICIONES QUE PERMITAN EL FUNCIONAMIENTO DE LA ORGANIZACI\u00d3N, SIEMPRE AD REFER\u00c9NDUM DEL DIRECTORIO.<\/strong><\/p>\n\n\n\n<p><strong>APROBACI\u00d3N DEL NUEVO ESTATUTO&nbsp;&nbsp;&nbsp;<\/strong><\/p>\n\n\n\n<p>LAS Y LOS EMBAJADORES Y CANCILLERES, REPRESENTACI\u00d3N DE LAS Y LOS SOBERANOS GRANDES INSPECTORES GENERALES DE LA ORDEN REUNIDOS EN LA UNI\u00d3N MAS\u00d3NICA MUNDIAL DE SS:. GG:. II:. GG:. APRUEBAN EL ESTATUTO QUE ENTRA EN VIGENCIA EN EL D\u00cdA DE LA FECHA.&nbsp;<\/p>\n\n\n\n<p>D:. M:. J:.&nbsp;<\/p>\n\n\n\n<figure class=\"wp-block-image size-large\"><img loading=\"lazy\" decoding=\"async\" width=\"1024\" height=\"432\" src=\"https:\/\/unionmasonicamundial.org\/umm\/wp-content\/uploads\/2021\/10\/image-1024x432.png\" alt=\"\" class=\"wp-image-497\" srcset=\"https:\/\/unionmasonicamundial.org\/umm\/wp-content\/uploads\/2021\/10\/image-1024x432.png 1024w, https:\/\/unionmasonicamundial.org\/umm\/wp-content\/uploads\/2021\/10\/image-300x127.png 300w, https:\/\/unionmasonicamundial.org\/umm\/wp-content\/uploads\/2021\/10\/image-768x324.png 768w, https:\/\/unionmasonicamundial.org\/umm\/wp-content\/uploads\/2021\/10\/image.png 1036w\" sizes=\"auto, (max-width: 1024px) 100vw, 1024px\" \/><\/figure>\n","protected":false},"excerpt":{"rendered":"<p>EN LA CIUDAD DE ASUNCI\u00d3N, DE LA REP\u00daBLICA DE PARAGUAY, SE RE\u00daNEN EL CONSEJO EJECUTIVO Y DIRECTIVO EN ASAMBLEA GENERAL CUMPLIENDO CON EL OBJETIVO DE SU ESTATUTO CONSTITUTIVO DEL 10 DE JUNIO DE 2020, A FIN DE REAFIRMAR Y CONSOLIDAR INSTITUCIONALMENTE LA UNI\u00d3N MAS\u00d3NICA MUNDIAL DE SS:. GG:. II:. GG:. EN TAL SENTIDO, CON EL [&hellip;]<\/p>\n","protected":false},"author":1,"featured_media":0,"parent":0,"menu_order":0,"comment_status":"closed","ping_status":"closed","template":"","meta":{"footnotes":""},"class_list":["post-269","page","type-page","status-publish","hentry"],"_links":{"self":[{"href":"https:\/\/unionmasonicamundial.org\/umm\/wp-json\/wp\/v2\/pages\/269","targetHints":{"allow":["GET"]}}],"collection":[{"href":"https:\/\/unionmasonicamundial.org\/umm\/wp-json\/wp\/v2\/pages"}],"about":[{"href":"https:\/\/unionmasonicamundial.org\/umm\/wp-json\/wp\/v2\/types\/page"}],"author":[{"embeddable":true,"href":"https:\/\/unionmasonicamundial.org\/umm\/wp-json\/wp\/v2\/users\/1"}],"replies":[{"embeddable":true,"href":"https:\/\/unionmasonicamundial.org\/umm\/wp-json\/wp\/v2\/comments?post=269"}],"version-history":[{"count":4,"href":"https:\/\/unionmasonicamundial.org\/umm\/wp-json\/wp\/v2\/pages\/269\/revisions"}],"predecessor-version":[{"id":501,"href":"https:\/\/unionmasonicamundial.org\/umm\/wp-json\/wp\/v2\/pages\/269\/revisions\/501"}],"wp:attachment":[{"href":"https:\/\/unionmasonicamundial.org\/umm\/wp-json\/wp\/v2\/media?parent=269"}],"curies":[{"name":"wp","href":"https:\/\/api.w.org\/{rel}","templated":true}]}}