{"id":260,"date":"2021-06-05T13:21:25","date_gmt":"2021-06-05T13:21:25","guid":{"rendered":"https:\/\/unionmasonicamundial.org\/umm\/?page_id=260"},"modified":"2021-06-05T13:23:47","modified_gmt":"2021-06-05T13:23:47","slug":"directorio-2020-2021","status":"publish","type":"page","link":"https:\/\/unionmasonicamundial.org\/umm\/directorio\/directorio-2020-2021\/","title":{"rendered":"Directorio 2020-2021"},"content":{"rendered":"\n<h2 class=\"wp-block-heading\">Organizaci\u00f3n<\/h2>\n\n\n\n<div class=\"wp-block-image\"><figure class=\"aligncenter size-large\"><img loading=\"lazy\" decoding=\"async\" width=\"1024\" height=\"648\" src=\"https:\/\/unionmasonicamundial.org\/umm\/wp-content\/uploads\/2021\/02\/WhatsApp-Image-2021-02-17-at-17.55.51-1024x648.jpeg\" alt=\"\" class=\"wp-image-235\" srcset=\"https:\/\/unionmasonicamundial.org\/umm\/wp-content\/uploads\/2021\/02\/WhatsApp-Image-2021-02-17-at-17.55.51-1024x648.jpeg 1024w, https:\/\/unionmasonicamundial.org\/umm\/wp-content\/uploads\/2021\/02\/WhatsApp-Image-2021-02-17-at-17.55.51-300x190.jpeg 300w, https:\/\/unionmasonicamundial.org\/umm\/wp-content\/uploads\/2021\/02\/WhatsApp-Image-2021-02-17-at-17.55.51-768x486.jpeg 768w, https:\/\/unionmasonicamundial.org\/umm\/wp-content\/uploads\/2021\/02\/WhatsApp-Image-2021-02-17-at-17.55.51.jpeg 1080w\" sizes=\"auto, (max-width: 1024px) 100vw, 1024px\" \/><figcaption>Directorio y Representantes Nacionales<\/figcaption><\/figure><\/div>\n\n\n\n<h2 class=\"has-text-align-center wp-block-heading\">Directorio<\/h2>\n\n\n\n<div class=\"wp-block-image\"><figure class=\"aligncenter size-large\"><img loading=\"lazy\" decoding=\"async\" width=\"777\" height=\"517\" src=\"https:\/\/unionmasonicamundial.org\/umm\/wp-content\/uploads\/2021\/01\/Eduardo-Perez-3.png\" alt=\"\" class=\"wp-image-128\" srcset=\"https:\/\/unionmasonicamundial.org\/umm\/wp-content\/uploads\/2021\/01\/Eduardo-Perez-3.png 777w, https:\/\/unionmasonicamundial.org\/umm\/wp-content\/uploads\/2021\/01\/Eduardo-Perez-3-300x200.png 300w, https:\/\/unionmasonicamundial.org\/umm\/wp-content\/uploads\/2021\/01\/Eduardo-Perez-3-768x511.png 768w\" sizes=\"auto, (max-width: 777px) 100vw, 777px\" \/><figcaption>M:. I:. P:. H:. Eduardo Daniel P\u00e9rez 3\u00b0 33\u00b0 &#8211; P\u00f3stumo<\/figcaption><\/figure><\/div>\n\n\n\n<div class=\"wp-block-image\"><figure class=\"aligncenter\"><img decoding=\"async\" src=\"https:\/\/unionmasonicamundial.org\/umm\/wp-content\/uploads\/2021\/01\/Dante-Orellana.png\" alt=\"La imagen tiene un atributo ALT vac\u00edo; su nombre de archivo es Dante-Orellana.png\"\/><figcaption>M:. I:. P:. H:. Dante Orellana Salvador 3\u00b0 33\u00b0 &#8211; Interino<\/figcaption><\/figure><\/div>\n\n\n\n<div class=\"wp-block-image\"><figure class=\"aligncenter size-large\"><img loading=\"lazy\" decoding=\"async\" width=\"787\" height=\"523\" src=\"https:\/\/unionmasonicamundial.org\/umm\/wp-content\/uploads\/2021\/01\/Eduardo-Pujol-1.png\" alt=\"\" class=\"wp-image-129\" srcset=\"https:\/\/unionmasonicamundial.org\/umm\/wp-content\/uploads\/2021\/01\/Eduardo-Pujol-1.png 787w, https:\/\/unionmasonicamundial.org\/umm\/wp-content\/uploads\/2021\/01\/Eduardo-Pujol-1-300x199.png 300w, https:\/\/unionmasonicamundial.org\/umm\/wp-content\/uploads\/2021\/01\/Eduardo-Pujol-1-768x510.png 768w\" sizes=\"auto, (max-width: 787px) 100vw, 787px\" \/><figcaption>M:. I:. P:. H:. Eduardo Pujol 3\u00b0 33\u00b0<\/figcaption><\/figure><\/div>\n\n\n\n<div class=\"wp-block-image\"><figure class=\"aligncenter size-large\"><img loading=\"lazy\" decoding=\"async\" width=\"740\" height=\"481\" src=\"https:\/\/unionmasonicamundial.org\/umm\/wp-content\/uploads\/2021\/02\/WhatsApp-Image-2021-02-17-at-16.23.57.jpeg\" alt=\"\" class=\"wp-image-229\" srcset=\"https:\/\/unionmasonicamundial.org\/umm\/wp-content\/uploads\/2021\/02\/WhatsApp-Image-2021-02-17-at-16.23.57.jpeg 740w, https:\/\/unionmasonicamundial.org\/umm\/wp-content\/uploads\/2021\/02\/WhatsApp-Image-2021-02-17-at-16.23.57-300x195.jpeg 300w\" sizes=\"auto, (max-width: 740px) 100vw, 740px\" \/><figcaption>M:. I:. P:. H:. Ricardo Romero 3\u00b0 33\u00b0<\/figcaption><\/figure><\/div>\n\n\n\n<div class=\"wp-block-image\"><figure class=\"aligncenter size-large is-resized\"><img loading=\"lazy\" decoding=\"async\" src=\"https:\/\/unionmasonicamundial.org\/umm\/wp-content\/uploads\/2021\/01\/Dante-Orellana.png\" alt=\"\" class=\"wp-image-135\" width=\"598\" height=\"404\" srcset=\"https:\/\/unionmasonicamundial.org\/umm\/wp-content\/uploads\/2021\/01\/Dante-Orellana.png 766w, https:\/\/unionmasonicamundial.org\/umm\/wp-content\/uploads\/2021\/01\/Dante-Orellana-300x203.png 300w\" sizes=\"auto, (max-width: 598px) 100vw, 598px\" \/><figcaption>M:. I:. P:. H:. Dante Orellana Salvador 3\u00b0 33\u00b0<\/figcaption><\/figure><\/div>\n\n\n\n<div class=\"wp-block-image\"><figure class=\"aligncenter size-large\"><img loading=\"lazy\" decoding=\"async\" width=\"1024\" height=\"694\" src=\"https:\/\/unionmasonicamundial.org\/umm\/wp-content\/uploads\/2021\/02\/IMG-20210201-WA0010-1024x694.jpg\" alt=\"\" class=\"wp-image-212\" srcset=\"https:\/\/unionmasonicamundial.org\/umm\/wp-content\/uploads\/2021\/02\/IMG-20210201-WA0010-1024x694.jpg 1024w, https:\/\/unionmasonicamundial.org\/umm\/wp-content\/uploads\/2021\/02\/IMG-20210201-WA0010-300x203.jpg 300w, https:\/\/unionmasonicamundial.org\/umm\/wp-content\/uploads\/2021\/02\/IMG-20210201-WA0010-768x521.jpg 768w, https:\/\/unionmasonicamundial.org\/umm\/wp-content\/uploads\/2021\/02\/IMG-20210201-WA0010-1200x814.jpg 1200w, https:\/\/unionmasonicamundial.org\/umm\/wp-content\/uploads\/2021\/02\/IMG-20210201-WA0010.jpg 1280w\" sizes=\"auto, (max-width: 1024px) 100vw, 1024px\" \/><figcaption>M:. I:. P:. H:. Manuel Antonio Tuero Madero 3\u00b0 33\u00b0<\/figcaption><\/figure><\/div>\n\n\n\n<h2 class=\"wp-block-heading\">Cancilleres<\/h2>\n\n\n\n<div class=\"wp-block-image\"><figure class=\"aligncenter size-large\"><img loading=\"lazy\" decoding=\"async\" width=\"1024\" height=\"694\" src=\"https:\/\/unionmasonicamundial.org\/umm\/wp-content\/uploads\/2021\/01\/WhatsApp-Image-2021-01-28-at-15.24.07-1024x694.jpeg\" alt=\"\" class=\"wp-image-172\" srcset=\"https:\/\/unionmasonicamundial.org\/umm\/wp-content\/uploads\/2021\/01\/WhatsApp-Image-2021-01-28-at-15.24.07-1024x694.jpeg 1024w, https:\/\/unionmasonicamundial.org\/umm\/wp-content\/uploads\/2021\/01\/WhatsApp-Image-2021-01-28-at-15.24.07-300x203.jpeg 300w, https:\/\/unionmasonicamundial.org\/umm\/wp-content\/uploads\/2021\/01\/WhatsApp-Image-2021-01-28-at-15.24.07-768x521.jpeg 768w, https:\/\/unionmasonicamundial.org\/umm\/wp-content\/uploads\/2021\/01\/WhatsApp-Image-2021-01-28-at-15.24.07-1200x814.jpeg 1200w, https:\/\/unionmasonicamundial.org\/umm\/wp-content\/uploads\/2021\/01\/WhatsApp-Image-2021-01-28-at-15.24.07.jpeg 1280w\" sizes=\"auto, (max-width: 1024px) 100vw, 1024px\" \/><figcaption>M:. I:. P:. H:. Pasquele Antonio de Todaro 3\u00b0 33\u00b0<\/figcaption><\/figure><\/div>\n\n\n\n<div class=\"wp-block-image\"><figure class=\"aligncenter size-large\"><img loading=\"lazy\" decoding=\"async\" width=\"811\" height=\"538\" src=\"https:\/\/unionmasonicamundial.org\/umm\/wp-content\/uploads\/2021\/01\/Richard-Christian-Marty.png\" alt=\"\" class=\"wp-image-210\" srcset=\"https:\/\/unionmasonicamundial.org\/umm\/wp-content\/uploads\/2021\/01\/Richard-Christian-Marty.png 811w, https:\/\/unionmasonicamundial.org\/umm\/wp-content\/uploads\/2021\/01\/Richard-Christian-Marty-300x199.png 300w, https:\/\/unionmasonicamundial.org\/umm\/wp-content\/uploads\/2021\/01\/Richard-Christian-Marty-768x509.png 768w\" sizes=\"auto, (max-width: 811px) 100vw, 811px\" \/><figcaption>M:. I:. P:. H:. Richard Christian Marty 3\u00b0 33\u00b0<\/figcaption><\/figure><\/div>\n\n\n\n<div class=\"wp-block-image\"><figure class=\"aligncenter size-large\"><img loading=\"lazy\" decoding=\"async\" width=\"1024\" height=\"694\" src=\"https:\/\/unionmasonicamundial.org\/umm\/wp-content\/uploads\/2021\/02\/IMG-20210129-WA0018-1024x694.jpg\" alt=\"\" class=\"wp-image-213\" srcset=\"https:\/\/unionmasonicamundial.org\/umm\/wp-content\/uploads\/2021\/02\/IMG-20210129-WA0018-1024x694.jpg 1024w, https:\/\/unionmasonicamundial.org\/umm\/wp-content\/uploads\/2021\/02\/IMG-20210129-WA0018-300x203.jpg 300w, https:\/\/unionmasonicamundial.org\/umm\/wp-content\/uploads\/2021\/02\/IMG-20210129-WA0018-768x521.jpg 768w, https:\/\/unionmasonicamundial.org\/umm\/wp-content\/uploads\/2021\/02\/IMG-20210129-WA0018-1200x814.jpg 1200w, https:\/\/unionmasonicamundial.org\/umm\/wp-content\/uploads\/2021\/02\/IMG-20210129-WA0018.jpg 1280w\" sizes=\"auto, (max-width: 1024px) 100vw, 1024px\" \/><figcaption>M:. I:. P:. H:. Mario Luis Delia 3\u00b0 33\u00b0<\/figcaption><\/figure><\/div>\n\n\n\n<figure class=\"wp-block-image size-large\"><img loading=\"lazy\" decoding=\"async\" width=\"1024\" height=\"694\" src=\"https:\/\/unionmasonicamundial.org\/umm\/wp-content\/uploads\/2021\/01\/WhatsApp-Image-2021-01-28-at-15.05.05-1024x694.jpeg\" alt=\"\" class=\"wp-image-174\" srcset=\"https:\/\/unionmasonicamundial.org\/umm\/wp-content\/uploads\/2021\/01\/WhatsApp-Image-2021-01-28-at-15.05.05-1024x694.jpeg 1024w, https:\/\/unionmasonicamundial.org\/umm\/wp-content\/uploads\/2021\/01\/WhatsApp-Image-2021-01-28-at-15.05.05-300x203.jpeg 300w, https:\/\/unionmasonicamundial.org\/umm\/wp-content\/uploads\/2021\/01\/WhatsApp-Image-2021-01-28-at-15.05.05-768x521.jpeg 768w, https:\/\/unionmasonicamundial.org\/umm\/wp-content\/uploads\/2021\/01\/WhatsApp-Image-2021-01-28-at-15.05.05-1200x814.jpeg 1200w, https:\/\/unionmasonicamundial.org\/umm\/wp-content\/uploads\/2021\/01\/WhatsApp-Image-2021-01-28-at-15.05.05.jpeg 1280w\" sizes=\"auto, (max-width: 1024px) 100vw, 1024px\" \/><figcaption>M:. I:. P:. H:. Marivaldo Da Cruz Sales 3\u00b0 33\u00b0<\/figcaption><\/figure>\n\n\n\n<h2 class=\"has-text-align-center wp-block-heading\">Embajadores<\/h2>\n\n\n\n<div class=\"wp-block-image\"><figure class=\"aligncenter\"><img decoding=\"async\" src=\"https:\/\/unionmasonicamundial.org\/umm\/wp-content\/uploads\/2021\/02\/IMG-20210217-WA0021-1-1024x694.jpg\" alt=\"La imagen tiene un atributo ALT vac\u00edo; su nombre de archivo es IMG-20210217-WA0021-1-1024x694.jpg\"\/><figcaption>M:. I:. P:. H:. Eduardo Medina 3\u00b0 33\u00b0<\/figcaption><\/figure><\/div>\n\n\n\n<div class=\"wp-block-image\"><figure class=\"aligncenter size-large\"><img loading=\"lazy\" decoding=\"async\" width=\"1024\" height=\"694\" src=\"https:\/\/unionmasonicamundial.org\/umm\/wp-content\/uploads\/2021\/01\/WhatsApp-Image-2021-01-25-at-17.42.20-1-1024x694.jpeg\" alt=\"\" class=\"wp-image-179\" srcset=\"https:\/\/unionmasonicamundial.org\/umm\/wp-content\/uploads\/2021\/01\/WhatsApp-Image-2021-01-25-at-17.42.20-1-1024x694.jpeg 1024w, https:\/\/unionmasonicamundial.org\/umm\/wp-content\/uploads\/2021\/01\/WhatsApp-Image-2021-01-25-at-17.42.20-1-300x203.jpeg 300w, https:\/\/unionmasonicamundial.org\/umm\/wp-content\/uploads\/2021\/01\/WhatsApp-Image-2021-01-25-at-17.42.20-1-768x521.jpeg 768w, https:\/\/unionmasonicamundial.org\/umm\/wp-content\/uploads\/2021\/01\/WhatsApp-Image-2021-01-25-at-17.42.20-1-1200x814.jpeg 1200w, https:\/\/unionmasonicamundial.org\/umm\/wp-content\/uploads\/2021\/01\/WhatsApp-Image-2021-01-25-at-17.42.20-1.jpeg 1280w\" sizes=\"auto, (max-width: 1024px) 100vw, 1024px\" \/><figcaption>M:. I:. P:. H:. Pierre Dutron 3\u00b0 33\u00b0<\/figcaption><\/figure><\/div>\n\n\n\n<div class=\"wp-block-image\"><figure class=\"aligncenter size-large\"><img loading=\"lazy\" decoding=\"async\" width=\"807\" height=\"546\" src=\"https:\/\/unionmasonicamundial.org\/umm\/wp-content\/uploads\/2021\/01\/Ricardo-Saliba-Urbano.png\" alt=\"\" class=\"wp-image-198\" srcset=\"https:\/\/unionmasonicamundial.org\/umm\/wp-content\/uploads\/2021\/01\/Ricardo-Saliba-Urbano.png 807w, https:\/\/unionmasonicamundial.org\/umm\/wp-content\/uploads\/2021\/01\/Ricardo-Saliba-Urbano-300x203.png 300w, https:\/\/unionmasonicamundial.org\/umm\/wp-content\/uploads\/2021\/01\/Ricardo-Saliba-Urbano-768x520.png 768w\" sizes=\"auto, (max-width: 807px) 100vw, 807px\" \/><figcaption>M:. I:. P:. H:. Ricardo Saliba Urbano 3\u00b0 33\u00b0<\/figcaption><\/figure><\/div>\n\n\n\n<div class=\"wp-block-image\"><figure class=\"aligncenter size-large\"><img loading=\"lazy\" decoding=\"async\" width=\"1024\" height=\"694\" src=\"https:\/\/unionmasonicamundial.org\/umm\/wp-content\/uploads\/2021\/01\/WhatsApp-Image-2021-01-28-at-18.03.02-1024x694.jpeg\" alt=\"\" class=\"wp-image-169\" srcset=\"https:\/\/unionmasonicamundial.org\/umm\/wp-content\/uploads\/2021\/01\/WhatsApp-Image-2021-01-28-at-18.03.02-1024x694.jpeg 1024w, https:\/\/unionmasonicamundial.org\/umm\/wp-content\/uploads\/2021\/01\/WhatsApp-Image-2021-01-28-at-18.03.02-300x203.jpeg 300w, https:\/\/unionmasonicamundial.org\/umm\/wp-content\/uploads\/2021\/01\/WhatsApp-Image-2021-01-28-at-18.03.02-768x521.jpeg 768w, https:\/\/unionmasonicamundial.org\/umm\/wp-content\/uploads\/2021\/01\/WhatsApp-Image-2021-01-28-at-18.03.02-1200x814.jpeg 1200w, https:\/\/unionmasonicamundial.org\/umm\/wp-content\/uploads\/2021\/01\/WhatsApp-Image-2021-01-28-at-18.03.02.jpeg 1280w\" sizes=\"auto, (max-width: 1024px) 100vw, 1024px\" \/><figcaption>M:. I:. P:. H:. Julio C\u00e9sar Rodr\u00edguez 3\u00b0 33\u00b0<\/figcaption><\/figure><\/div>\n\n\n\n<div class=\"wp-block-image\"><figure class=\"aligncenter size-large is-resized\"><img loading=\"lazy\" decoding=\"async\" src=\"https:\/\/unionmasonicamundial.org\/umm\/wp-content\/uploads\/2021\/01\/WhatsApp-Image-2021-01-28-at-15.26.40-1024x694.jpeg\" alt=\"\" class=\"wp-image-170\" width=\"610\" height=\"413\" srcset=\"https:\/\/unionmasonicamundial.org\/umm\/wp-content\/uploads\/2021\/01\/WhatsApp-Image-2021-01-28-at-15.26.40-1024x694.jpeg 1024w, https:\/\/unionmasonicamundial.org\/umm\/wp-content\/uploads\/2021\/01\/WhatsApp-Image-2021-01-28-at-15.26.40-300x203.jpeg 300w, https:\/\/unionmasonicamundial.org\/umm\/wp-content\/uploads\/2021\/01\/WhatsApp-Image-2021-01-28-at-15.26.40-768x521.jpeg 768w, https:\/\/unionmasonicamundial.org\/umm\/wp-content\/uploads\/2021\/01\/WhatsApp-Image-2021-01-28-at-15.26.40-1200x814.jpeg 1200w, https:\/\/unionmasonicamundial.org\/umm\/wp-content\/uploads\/2021\/01\/WhatsApp-Image-2021-01-28-at-15.26.40.jpeg 1280w\" sizes=\"auto, (max-width: 610px) 100vw, 610px\" \/><figcaption>M:. I:. P:. H:. Ives Vailancourt 3\u00b0 33\u00b0<\/figcaption><\/figure><\/div>\n\n\n\n<div class=\"wp-block-image\"><figure class=\"aligncenter size-large\"><img loading=\"lazy\" decoding=\"async\" width=\"887\" height=\"595\" src=\"https:\/\/unionmasonicamundial.org\/umm\/wp-content\/uploads\/2021\/01\/WhatsApp-Image-2021-01-24-at-14.22.31-3.jpeg\" alt=\"\" class=\"wp-image-185\" srcset=\"https:\/\/unionmasonicamundial.org\/umm\/wp-content\/uploads\/2021\/01\/WhatsApp-Image-2021-01-24-at-14.22.31-3.jpeg 887w, https:\/\/unionmasonicamundial.org\/umm\/wp-content\/uploads\/2021\/01\/WhatsApp-Image-2021-01-24-at-14.22.31-3-300x201.jpeg 300w, https:\/\/unionmasonicamundial.org\/umm\/wp-content\/uploads\/2021\/01\/WhatsApp-Image-2021-01-24-at-14.22.31-3-768x515.jpeg 768w\" sizes=\"auto, (max-width: 887px) 100vw, 887px\" \/><figcaption>M:. I:. P:. H:. Hernando L\u00f3pez Rubio 3\u00b0 33\u00b0<\/figcaption><\/figure><\/div>\n\n\n\n<div class=\"wp-block-image\"><figure class=\"aligncenter size-large\"><img loading=\"lazy\" decoding=\"async\" width=\"1024\" height=\"694\" src=\"https:\/\/unionmasonicamundial.org\/umm\/wp-content\/uploads\/2021\/02\/Simon-Pierre-1024x694.jpg\" alt=\"\" class=\"wp-image-218\" srcset=\"https:\/\/unionmasonicamundial.org\/umm\/wp-content\/uploads\/2021\/02\/Simon-Pierre-1024x694.jpg 1024w, https:\/\/unionmasonicamundial.org\/umm\/wp-content\/uploads\/2021\/02\/Simon-Pierre-300x203.jpg 300w, https:\/\/unionmasonicamundial.org\/umm\/wp-content\/uploads\/2021\/02\/Simon-Pierre-768x521.jpg 768w, https:\/\/unionmasonicamundial.org\/umm\/wp-content\/uploads\/2021\/02\/Simon-Pierre-1200x814.jpg 1200w, https:\/\/unionmasonicamundial.org\/umm\/wp-content\/uploads\/2021\/02\/Simon-Pierre.jpg 1280w\" sizes=\"auto, (max-width: 1024px) 100vw, 1024px\" \/><figcaption>M:. I:. P:. H:. Simon Pierre Pembet 3\u00b0 33\u00b0<\/figcaption><\/figure><\/div>\n\n\n\n<div class=\"wp-block-image\"><figure class=\"aligncenter size-large\"><img loading=\"lazy\" decoding=\"async\" width=\"878\" height=\"576\" src=\"https:\/\/unionmasonicamundial.org\/umm\/wp-content\/uploads\/2021\/01\/WhatsApp-Image-2021-01-24-at-14.22.30-1.jpeg\" alt=\"\" class=\"wp-image-187\" srcset=\"https:\/\/unionmasonicamundial.org\/umm\/wp-content\/uploads\/2021\/01\/WhatsApp-Image-2021-01-24-at-14.22.30-1.jpeg 878w, https:\/\/unionmasonicamundial.org\/umm\/wp-content\/uploads\/2021\/01\/WhatsApp-Image-2021-01-24-at-14.22.30-1-300x197.jpeg 300w, https:\/\/unionmasonicamundial.org\/umm\/wp-content\/uploads\/2021\/01\/WhatsApp-Image-2021-01-24-at-14.22.30-1-768x504.jpeg 768w\" sizes=\"auto, (max-width: 878px) 100vw, 878px\" \/><figcaption>M:. I:. P:. H:. L\u00e1zaro Orlado Herrera 3\u00b0 33\u00b0<\/figcaption><\/figure><\/div>\n\n\n\n<div class=\"wp-block-image\"><figure class=\"aligncenter size-large\"><img loading=\"lazy\" decoding=\"async\" width=\"802\" height=\"539\" src=\"https:\/\/unionmasonicamundial.org\/umm\/wp-content\/uploads\/2021\/01\/Dante-Orellana.jpg\" alt=\"\" class=\"wp-image-191\" srcset=\"https:\/\/unionmasonicamundial.org\/umm\/wp-content\/uploads\/2021\/01\/Dante-Orellana.jpg 802w, https:\/\/unionmasonicamundial.org\/umm\/wp-content\/uploads\/2021\/01\/Dante-Orellana-300x202.jpg 300w, https:\/\/unionmasonicamundial.org\/umm\/wp-content\/uploads\/2021\/01\/Dante-Orellana-768x516.jpg 768w\" sizes=\"auto, (max-width: 802px) 100vw, 802px\" \/><figcaption>M:. I:. P:. H:. Dante Orellana Salvador 3\u00b0 33\u00b0<\/figcaption><\/figure><\/div>\n\n\n\n<div class=\"wp-block-image\"><figure class=\"aligncenter size-large\"><img loading=\"lazy\" decoding=\"async\" width=\"834\" height=\"544\" src=\"https:\/\/unionmasonicamundial.org\/umm\/wp-content\/uploads\/2021\/01\/Manuel-Tuero.jpg\" alt=\"\" class=\"wp-image-192\" srcset=\"https:\/\/unionmasonicamundial.org\/umm\/wp-content\/uploads\/2021\/01\/Manuel-Tuero.jpg 834w, https:\/\/unionmasonicamundial.org\/umm\/wp-content\/uploads\/2021\/01\/Manuel-Tuero-300x196.jpg 300w, https:\/\/unionmasonicamundial.org\/umm\/wp-content\/uploads\/2021\/01\/Manuel-Tuero-768x501.jpg 768w\" sizes=\"auto, (max-width: 834px) 100vw, 834px\" \/><figcaption>M:. I:. P:. H:. Manuel Antonio Tuero 3\u00b0 33\u00b0<\/figcaption><\/figure><\/div>\n\n\n\n<div class=\"wp-block-image\"><figure class=\"aligncenter size-large\"><img loading=\"lazy\" decoding=\"async\" width=\"818\" height=\"537\" src=\"https:\/\/unionmasonicamundial.org\/umm\/wp-content\/uploads\/2021\/01\/Gregory-Wright.png\" alt=\"\" class=\"wp-image-206\" srcset=\"https:\/\/unionmasonicamundial.org\/umm\/wp-content\/uploads\/2021\/01\/Gregory-Wright.png 818w, https:\/\/unionmasonicamundial.org\/umm\/wp-content\/uploads\/2021\/01\/Gregory-Wright-300x197.png 300w, https:\/\/unionmasonicamundial.org\/umm\/wp-content\/uploads\/2021\/01\/Gregory-Wright-768x504.png 768w\" sizes=\"auto, (max-width: 818px) 100vw, 818px\" \/><figcaption>M:. I:. P:. H:. Gregory Wright 3\u00b0 33\u00b0<\/figcaption><\/figure><\/div>\n\n\n\n<figure class=\"wp-block-image\" id=\"block-667e06ec-afb5-4d9f-91a5-6f0635dd1079\"><img decoding=\"async\" src=\"https:\/\/unionmasonicamundial.org\/umm\/wp-content\/uploads\/2021\/01\/WhatsApp-Image-2021-01-24-at-14.22.32-1.jpeg\" alt=\"La imagen tiene un atributo ALT vac\u00edo; su nombre de archivo es WhatsApp-Image-2021-01-24-at-14.22.32-1.jpeg\"\/><figcaption>M:. I:. P:. H:. Jean Marc Aractingi 3\u00b0 33\u00b0<\/figcaption><\/figure>\n\n\n\n<figure class=\"wp-block-image\" id=\"block-bc656ae2-4db2-4720-9e61-b501fa547b37\"><img decoding=\"async\" src=\"https:\/\/unionmasonicamundial.org\/umm\/wp-content\/uploads\/2021\/01\/Nikolaos-Katomeris.jpg\" alt=\"La imagen tiene un atributo ALT vac\u00edo; su nombre de archivo es Nikolaos-Katomeris.jpg\"\/><figcaption>M:. I:. P:. H:. Nikolaos Alexandrou Katomeris 3\u00b0 33\u00b0<\/figcaption><\/figure>\n\n\n\n<figure class=\"wp-block-image\" id=\"block-c01dbbf9-b4b6-4941-94b9-7e6015e525a9\"><img decoding=\"async\" src=\"https:\/\/unionmasonicamundial.org\/umm\/wp-content\/uploads\/2021\/01\/WhatsApp-Image-2021-01-24-at-14.22.31-2.jpeg\" alt=\"La imagen tiene un atributo ALT vac\u00edo; su nombre de archivo es WhatsApp-Image-2021-01-24-at-14.22.31-2.jpeg\"\/><figcaption>M:. I:. P:. H:. Michel Pierre 3\u00b0 33\u00b0<\/figcaption><\/figure>\n\n\n\n<figure class=\"wp-block-image\" id=\"block-fa7b1433-47c3-48a2-bee3-971bf9f1a31c\"><img decoding=\"async\" src=\"https:\/\/unionmasonicamundial.org\/umm\/wp-content\/uploads\/2021\/01\/Mario-La-Spina.png\" alt=\"La imagen tiene un atributo ALT vac\u00edo; su nombre de archivo es Mario-La-Spina.png\"\/><figcaption>M:. I:. P:. H:. Mario La Spina 3\u00b0 33\u00b0<\/figcaption><\/figure>\n\n\n\n<figure class=\"wp-block-image\" id=\"block-d87ebf6c-0b47-432c-9314-cf95d2fb1b59\"><img decoding=\"async\" src=\"https:\/\/unionmasonicamundial.org\/umm\/wp-content\/uploads\/2021\/01\/Mohammad-Khaled-Kobrosly.png\" alt=\"La imagen tiene un atributo ALT vac\u00edo; su nombre de archivo es Mohammad-Khaled-Kobrosly.png\"\/><figcaption>M:. I:. P:. H:. Mohammad Khaled Kobrosly 3\u00b0 33\u00b0<\/figcaption><\/figure>\n\n\n\n<figure class=\"wp-block-image\" id=\"block-4b590ed5-fb53-4b8d-b3f0-0c67faf644c6\"><img decoding=\"async\" src=\"https:\/\/unionmasonicamundial.org\/umm\/wp-content\/uploads\/2021\/02\/WhatsApp-Image-2021-02-11-at-13.16.55-1024x694.jpeg\" alt=\"La imagen tiene un atributo ALT vac\u00edo; su nombre de archivo es WhatsApp-Image-2021-02-11-at-13.16.55-1024x694.jpeg\"\/><figcaption>M:. I:. P:. H:. Snezana Zecevic 3\u00b0 33\u00b0<\/figcaption><\/figure>\n\n\n\n<figure class=\"wp-block-image\" id=\"block-2313e165-8d9e-4aeb-8ca2-55855dd47353\"><img decoding=\"async\" src=\"https:\/\/unionmasonicamundial.org\/umm\/wp-content\/uploads\/2021\/02\/WhatsApp-Image-2021-02-17-at-16.58.49-1024x694.jpeg\" alt=\"La imagen tiene un atributo ALT vac\u00edo; su nombre de archivo es WhatsApp-Image-2021-02-17-at-16.58.49-1024x694.jpeg\"\/><figcaption>M:. I:. P:. H:. Soeur Marie Monique Maillot 3\u00b0 33\u00b0<\/figcaption><\/figure>\n\n\n\n<figure class=\"wp-block-image\" id=\"block-bab5791f-eec4-4c91-ae03-fd69fa29716c\"><img decoding=\"async\" src=\"https:\/\/unionmasonicamundial.org\/umm\/wp-content\/uploads\/2021\/02\/WhatsApp-Image-2021-02-12-at-14.24.27-1024x694.jpeg\" alt=\"La imagen tiene un atributo ALT vac\u00edo; su nombre de archivo es WhatsApp-Image-2021-02-12-at-14.24.27-1024x694.jpeg\"\/><figcaption>M:. I:. P:. H:. Jamal Tlaty 3\u00b0 33\u00b0<\/figcaption><\/figure>\n\n\n\n<figure class=\"wp-block-image\" id=\"block-94127aff-7193-43d2-a004-658fe6c83180\"><img decoding=\"async\" src=\"https:\/\/unionmasonicamundial.org\/umm\/wp-content\/uploads\/2021\/01\/WhatsApp-Image-2021-01-26-at-13.59.14-1-1024x694.jpeg\" alt=\"La imagen tiene un atributo ALT vac\u00edo; su nombre de archivo es WhatsApp-Image-2021-01-26-at-13.59.14-1-1024x694.jpeg\"\/><figcaption>M:. I:. P:. H:. Jos\u00e9 Ernesto Valencia Raya 3\u00b0 33\u00b0<\/figcaption><\/figure>\n\n\n\n<figure class=\"wp-block-image\" id=\"block-a32b1027-aeaa-4219-8b37-c3f638e1ddbb\"><img decoding=\"async\" src=\"https:\/\/unionmasonicamundial.org\/umm\/wp-content\/uploads\/2021\/01\/Victor-Manuel-Ramos.jpg\" alt=\"La imagen tiene un atributo ALT vac\u00edo; su nombre de archivo es Victor-Manuel-Ramos.jpg\"\/><figcaption>M:. I:. P:. H:. Victor Manuel Ramos 3\u00b0 33\u00b0<\/figcaption><\/figure>\n\n\n\n<figure class=\"wp-block-image\" id=\"block-5c890898-548d-4625-9406-11817e6ee8d8\"><img decoding=\"async\" src=\"https:\/\/unionmasonicamundial.org\/umm\/wp-content\/uploads\/2021\/01\/WhatsApp-Image-2021-01-27-at-16.21.42-1024x694.jpeg\" alt=\"La imagen tiene un atributo ALT vac\u00edo; su nombre de archivo es WhatsApp-Image-2021-01-27-at-16.21.42-1024x694.jpeg\"\/><figcaption>M:. I:. P:. H:. Juan Angel Mario Rolleri 3\u00b0 33\u00b0<\/figcaption><\/figure>\n\n\n\n<figure class=\"wp-block-image\" id=\"block-63aa99a2-c582-4d00-90a1-f5efb1485b49\"><img decoding=\"async\" src=\"https:\/\/unionmasonicamundial.org\/umm\/wp-content\/uploads\/2021\/01\/George-Petrescu.png\" alt=\"La imagen tiene un atributo ALT vac\u00edo; su nombre de archivo es George-Petrescu.png\"\/><figcaption>M:. I:. P:. H:. George Petrescu 3\u00b0 33\u00b0<\/figcaption><\/figure>\n\n\n\n<figure class=\"wp-block-image\" id=\"block-5c3527e9-a139-4b11-b988-e21a6087056f\"><img decoding=\"async\" src=\"https:\/\/unionmasonicamundial.org\/umm\/wp-content\/uploads\/2021\/01\/WhatsApp-Image-2021-01-29-at-12.27.47-1024x694.jpeg\" alt=\"La imagen tiene un atributo ALT vac\u00edo; su nombre de archivo es WhatsApp-Image-2021-01-29-at-12.27.47-1024x694.jpeg\"\/><figcaption>M:. I:. P:. H:. Bruno Daniel Pel\u00e1ez 3\u00b0 33\u00b0<\/figcaption><\/figure>\n\n\n\n<figure class=\"wp-block-image\" id=\"block-45fe9ca4-2c6d-4a52-8bb8-0c24f1797fa5\"><img decoding=\"async\" src=\"https:\/\/unionmasonicamundial.org\/umm\/wp-content\/uploads\/2021\/01\/Perez-Diaz.jpg\" alt=\"La imagen tiene un atributo ALT vac\u00edo; su nombre de archivo es Perez-Diaz.jpg\"\/><figcaption>M:. I:. P:. H:. Rafael Jos\u00e9 P\u00e9rez D\u00edaz 3\u00b0 33\u00b0<\/figcaption><\/figure>\n\n\n\n<p><\/p>\n","protected":false},"excerpt":{"rendered":"<p>Organizaci\u00f3n Directorio Cancilleres Embajadores<\/p>\n","protected":false},"author":1,"featured_media":235,"parent":79,"menu_order":0,"comment_status":"closed","ping_status":"closed","template":"","meta":{"footnotes":""},"class_list":["post-260","page","type-page","status-publish","has-post-thumbnail","hentry"],"_links":{"self":[{"href":"https:\/\/unionmasonicamundial.org\/umm\/wp-json\/wp\/v2\/pages\/260","targetHints":{"allow":["GET"]}}],"collection":[{"href":"https:\/\/unionmasonicamundial.org\/umm\/wp-json\/wp\/v2\/pages"}],"about":[{"href":"https:\/\/unionmasonicamundial.org\/umm\/wp-json\/wp\/v2\/types\/page"}],"author":[{"embeddable":true,"href":"https:\/\/unionmasonicamundial.org\/umm\/wp-json\/wp\/v2\/users\/1"}],"replies":[{"embeddable":true,"href":"https:\/\/unionmasonicamundial.org\/umm\/wp-json\/wp\/v2\/comments?post=260"}],"version-history":[{"count":1,"href":"https:\/\/unionmasonicamundial.org\/umm\/wp-json\/wp\/v2\/pages\/260\/revisions"}],"predecessor-version":[{"id":262,"href":"https:\/\/unionmasonicamundial.org\/umm\/wp-json\/wp\/v2\/pages\/260\/revisions\/262"}],"up":[{"embeddable":true,"href":"https:\/\/unionmasonicamundial.org\/umm\/wp-json\/wp\/v2\/pages\/79"}],"wp:featuredmedia":[{"embeddable":true,"href":"https:\/\/unionmasonicamundial.org\/umm\/wp-json\/wp\/v2\/media\/235"}],"wp:attachment":[{"href":"https:\/\/unionmasonicamundial.org\/umm\/wp-json\/wp\/v2\/media?parent=260"}],"curies":[{"name":"wp","href":"https:\/\/api.w.org\/{rel}","templated":true}]}}