{"id":111,"date":"2021-01-27T19:04:14","date_gmt":"2021-01-27T19:04:14","guid":{"rendered":"https:\/\/unionmasonicamundial.org\/umm\/?page_id=111"},"modified":"2021-10-19T13:15:36","modified_gmt":"2021-10-19T13:15:36","slug":"principios","status":"publish","type":"page","link":"https:\/\/unionmasonicamundial.org\/umm\/principios\/","title":{"rendered":"Principios"},"content":{"rendered":"\n<p><strong>UNI\u00d3N MAS\u00d3NICA MUNDIAL DE SS:. GG:. II:. GG:.<\/strong><\/p>\n\n\n\n<p><strong><em>CONGRESO MUNDIAL<\/em><\/strong><\/p>\n\n\n\n<p>EN LA CIUDAD DE ASUNCI\u00d3N, DE LA REP\u00daBLICA DE PARAGUAY, SE RE\u00daNEN EL CONSEJO EJECUTIVO Y DIRECTIVO EN ASAMBLEA GENERAL CUMPLIENDO CON EL OBJETIVO DE SU ESTATUTO CONSTITUTIVO DEL 10 DE JUNIO DE 2020, A FIN DE REAFIRMAR Y CONSOLIDAR INSTITUCIONALMENTE LA UNI\u00d3N MAS\u00d3NICA MUNDIAL DE SS:. GG:. II:. GG:.<\/p>\n\n\n\n<p>EN TAL SENTIDO, CON EL MANDATO DE LAS Y LOS MIEMBROS A TRAV\u00c9S DE SUS EMBAJADORES Y CANCILLERES, ATENTO AL ART\u00cdCULO 10 DEL ESTATUTO VIGENTE EN ANEXO DE LA PRESENTE, DECIDE REALIZAR MODIFICACIONES AL MISMO BAJO SUS ATRIBUCIONES, QUEDANDO EL MISMO DE LA SIGUIENTE FORMA.<\/p>\n\n\n\n<p><strong>DECLARACI\u00d3N DE PRINCIPIOS, CONSTITUCI\u00d3N Y REGLAMENTO&nbsp;&nbsp;&nbsp;&nbsp;&nbsp;&nbsp;&nbsp;&nbsp;&nbsp;<\/strong><\/p>\n\n\n\n<p><strong><em>ANTECEDENTES&nbsp;<\/em><\/strong><\/p>\n\n\n\n<p>LAS CIRCUNSTANCIAS POR LAS QUE TRANSITA LA HUMANIDAD CONTEMPOR\u00c1NEA EN DEBATE FRONTAL CONTRA ELEMENTOS ARTIFICIALES CREADOS POR UNA M\u00c1QUINA LLAMADA MODERNIDAD, EVIDENCIADA EN VERDADEROS FLAGELOS COMO LA VIOLENCIA SOCIAL EN TODAS SUS ACEPCIONES, LA INJUSTICIA, LA OPRESI\u00d3N, Y HASTA LAS ENFERMEDADES DE LABORATORIO, HAN LLEVADO A TODA LA CIVILIZACI\u00d3N A LA PEOR CRISIS, MARCANDO EL FIN DE UNA ERA Y EL INICIO DE OTRA.<\/p>\n\n\n\n<p>ESTOS HECHOS MARCAN EL ESCENARIO DEL AHORA Y CONSTITUYEN UN GRAN DESAF\u00cdO PARA LA FRATERNIDAD MAS\u00d3NICA UNIVERSAL QUE EST\u00c1 OBLIGADA A DAR UNA RESPUESTA QUE MARQUE EL NUEVO DERROTERO A LA COMUNIDAD MUNDIAL. UNA RESPUESTA ADECUADA PARA LA POST HISTORIA DE LA HUMANIDAD, EN TIEMPOS DEL CONOCIMIENTO ABIERTO Y DIVERSO, DE LAS RUPTURAS DE PARADIGMAS VERTICALES, R\u00cdGIDOS, INTOLERANTES; UNA RESPUESTA QUE EVIDENCIE UN VERDADERO RENACIMIENTO, CON LINEAMIENTOS PROPIOS DE NUESTRA INSTITUCI\u00d3N, ENMARCADOS EN UNA MIRADA NOVEDOSA Y, POR LO MISMO, TOTALMENTE DIFERENTE DE LOS PARADIGMAS CL\u00c1SICOS DE LA ORTODOXIA TRADICIONAL.<\/p>\n\n\n\n<p>ENTENDEMOS ESTE MOMENTO CR\u00cdTICO COMO UNA OPORTUNIDAD PARA EL QUEHACER DIFERENTE Y POR ELLO NOS PROPONEMOS ASUMIR LOS DESAF\u00cdOS DE HOY, ENTENDIENDO ESTE CAOS COMO UNA MANIFESTACI\u00d3N DE VARIOS CONDICIONANTES COMO LA CRISIS DE VALORES MORALES EN EL CAMPO DE LA CONVIVENCIA HUMANA, LA ATOMIZACI\u00d3N DE LAS ORGANIZACIONES MAS\u00d3NICAS A NIVEL UNIVERSAL, EL MERCANTILISMO Y LA GLOBALIZACI\u00d3N ECON\u00d3MICA QUE FOMENTAN LAS DESIGUALDADES SOCIALES Y MARGINAN A SECTORES MAL LLAMADOS MINOR\u00cdAS, LA DESIGUALDAD DE G\u00c9NERO, CREDO O RAZA, LA DESTRUCCI\u00d3N DEL MEDIO AMBIENTE Y LA NATURALEZA,&nbsp; LA DESTRUCCI\u00d3N DE LA FAMILIA COMO UNIDAD CONSANGU\u00cdNEA, BASE INSUSTITUIBLE DE LA ORGANIZACI\u00d3N SOCIAL.&nbsp;<\/p>\n\n\n\n<p>LA GUERRA MEDI\u00c1TICA GENERA CONFUSI\u00d3N Y AFECTA DIRECTAMENTE A LOS COMPORTAMIENTOS HUMANOS, TORNAN INSENSIBLES A LA CIUDADAN\u00cdA. LA DESACRALIZACI\u00d3N DEL SER HUMANO POR LA EXCESIVA INFLUENCIA RACIONALISTA CON RESPECTO A LA CONCEPCI\u00d3N DEL MUNDO, LO ALEJA DE SU INNATA B\u00daSQUEDA DE LA ESPIRITUALIDAD.&nbsp;<\/p>\n\n\n\n<p>&nbsp;ANTE ESTA REALIDAD, LA UNI\u00d3N MAS\u00d3NICA MUNDIAL DE SS:. GG:. II:. GG:.&nbsp; SURGE COMO UNA NUEVA Y REFRESCANTE ORGANIZACI\u00d3N MAS\u00d3NICA, FUNDAMENTADA EN FORMAS ALTERNATIVAS Y MODERNAS DE ORGANIZACI\u00d3N Y DE GESTI\u00d3N. UNA ORGANIZACI\u00d3N DESCENTRALIZADA, HORIZONTAL, PARTICIPATIVA Y ABIERTA A LOS REQUERIMIENTOS SOCIALES Y COMUNITARIOS DE ESTA NUEVA REALIDAD MUNDIAL. TODO ELLO ENCAMINADO AL GRAN PROP\u00d3SITO DEL BIEN COM\u00daN.&nbsp;<\/p>\n\n\n\n<p>EN TAL SENTIDO, CREEMOS QUE EL R.E.A.A., ES UN REFERENTE UNIVERSAL COM\u00daN A TODAS LAS CORRIENTES MAS\u00d3NICAS, RITOS, RITUALES, LITURGIAS, DOCTRINAS Y PR\u00c1CTICAS. ADEM\u00c1S, CONSIDERANDO. POR ELLO, CONSIDERAMOS A SUS ALTOS GRADOS COMO UN VERDADERO CENTRO DE UNI\u00d3N, REPRESENTANTE LEG\u00cdTIMO DE UNA CORRIENTE FILOS\u00d3FICA Y ESPIRITUAL ANCESTRAL Y TRADICIONAL, QUE CONCILIA LA LIBERTAD ABSOLUTA DE CONCIENCIA Y EL RESPETO A LAS CONCEPCIONES METAF\u00cdSICAS, OPCIONES PERSONALES DE CADA UNO DE SUS MIEMBROS Y, M\u00c1S ALL\u00c1, DE CADA SER HUMANO.&nbsp;<\/p>\n\n\n\n<p>REAFIRMAMOS NUESTRA VOLUNTAD DE CONSTITUIR ESTA ORGANIZACI\u00d3N MAS\u00d3NICA MUNDIAL DIVERSA, LAICA, INTERCULTURAL, MODERNA, ENMARCADOS EN LOS SIGUIENTES PRECEPTOS:&nbsp;<\/p>\n\n\n\n<ol class=\"wp-block-list\"><li>NOS INSCRIBIMOS Y TOMAMOS COMO LEYES DE REFERENCIA FUNDAMENTAL, PARA RESPETARLAS Y CUMPLIRLAS, A) LA TRADICI\u00d3N MAS\u00d3NICA, B) LAS CONSTITUCIONES LLAMADAS DE FEDERICO DE 1762 Y 1786, C) LA NOVA INSTITUTA SECRETA ET FUNDAMENTA TAMBI\u00c9N ATRIBUIDA A FEDERICO, D) LAS REFORMAS INTRODUCIDAS EN LAUSANA EN 1875, Y E) LA DECLARACI\u00d3N DE GINEBRA DEL 7 DE MAYO DE 2005.<\/li><li>REAFIRMAMOS LA VIGENCIA DEL POSTULADO CONTENIDO EN EL ART\u00cdCULO II DE LA CONSTITUCI\u00d3N LLAMADA DE FEDERICO DE 1786, QUE SOSTIENE QUE EL SOBERANO GRAN INSPECTOR GENERAL GRADO 33 \u201cTIENE COMO MISI\u00d3N Y PECULIAR DEBER EL INSTRUIR E ILUSTRAR A LOS HERMANOS, CONSERVAR ENTRE ELLOS LA CARIDAD, LA UNI\u00d3N Y EL AMOR FRATERNAL, Y DEDICARSE, POR \u00daLTIMO Y EN TODAS PARTES, A EJERCITAR LA PAZ Y LA MISERICORDIA\u201d.<\/li><li>PROMULGAMOS Y DEFENDEMOS LA DECLARACI\u00d3N UNIVERSAL DE LOS DERECHOS HUMANOS RECOGIDA EN LOS TREINTA ART\u00cdCULOS QUE RATIFIC\u00d3 LA ASAMBLEA GENERAL DE LA ORGANIZACI\u00d3N DE LAS NACIONES UNIDAS EN PAR\u00cdS EL 10 DE DICIEMBRE DE 1948, AS\u00cd COMO A LOS NUEVOS ACUERDOS QUE AL RESPECTO SE HAN SUSCRITO, COMO LA CARTA SOCIAL EUROPEA (CSE) ADOPTADA EN TUR\u00cdN EL 18 DE OCTUBRE DE 1961, EL PACTO INTERNACIONAL DE DERECHOS CIVILES Y POL\u00cdTICOS (PIDCP) FIRMADO EN NUEVA YORK EL 16 DE DICIEMBRE DE 1966, LA CARTA AFRICANA SOBRE DERECHOS HUMANOS Y DE LOS PUEBLOS (CAFDH) APROBADA EN NAIROBI EL 27 DE JULIO DE 1981, Y LA DECLARACI\u00d3N SOBRE LOS DERECHOS DE LOS PUEBLOS IND\u00cdGENAS ADOPTADA POR LA ASAMBLEA GENERAL DE LAS NACIONES UNIDAS EL 13 DE SEPTIEMBRE DE 2007.<\/li><li>ENTENDEMOS LA MASONER\u00cdA&nbsp; COMO UNA ASOCIACI\u00d3N INICI\u00c1TICA INTEGRADA POR HOMBRES Y MUJERES LIBRES Y DE BUENAS COSTUMBRES, EN IGUALDAD DE CONDICIONES Y SIN DISCRIMINACI\u00d3N ALGUNA POR RAZONES DE RAZA, COLOR, SEXO, IDIOMA, RELIGI\u00d3N, OPINIONES POL\u00cdTICAS O DE OTRA \u00cdNDOLE, ORIGEN NACIONAL O SOCIAL, POSICI\u00d3N ECON\u00d3MICA, NACIMIENTO U OTRA CONDICI\u00d3N CUALQUIERA.&nbsp;<\/li><li>RATIFICAMOS QUE EL SER HUMANO ES LA&nbsp; CENTRALIDAD, TANTO EN SUS DERECHOS COMO EN SUS RESPONSABILIDADES, Y EN EL MEDIO AMBIENTE SOCIAL Y NATURAL EN EL CUAL DESARROLLA SUS ACTIVIDADES VITALES, CONSTITUYE LA BASE DE LOS TRABAJOS, ESPECULACIONES Y ACCIONES DEL RITO ESCOC\u00c9S ANTIGUO Y ACEPTADO DE LA MASONER\u00cdA UNIVERSAL.<\/li><li>REAFIRMAMOS Y HACEMOS NUESTRA LA VOCACI\u00d3N INDECLINABLE DEL RITO ESCOC\u00c9S ANTIGUO Y ACEPTADO DE TRABAJAR EN PRO DE LA B\u00daSQUEDA INCESANTE DE LA VERDAD Y DE LA JUSTICIA A LA LUZ DEL CONOCIMIENTO, EL RESPETO DE LOS DERECHOS HUMANOS Y DE LOS PRINCIPIOS DE LIBERTAD, IGUALDAD Y FRATERNIDAD. LOS DERECHOS DE LAS MINOR\u00cdAS MARGINADAS, LA LIBRE EXPRESI\u00d3N DE LAS CULTURAS ANCESTRALES, EL FOMENTO DE LA LIBERTAD DE CONCIENCIA Y DE LA LAICIDAD, LA INCORPORACI\u00d3N DE LA MUJER A LOS ALTOS GRADOS FILOS\u00d3FICOS, Y DEL ROL DE LA EDUCACI\u00d3N INTEGRAL Y SOLIDARIA COMO LA MANERA M\u00c1S ID\u00d3NEA PARA LA FORMACI\u00d3N DE CIUDADANOS LIBRES, RESPONSABLES Y COMPROMETIDOS CON SU SOCIEDAD.<\/li><li>ENFATIZAMOS EL PROP\u00d3SITO DE PROMOVER LA MAYOR COLABORACI\u00d3N ENTRE LOS MASONES, ENFOCADA HACIA EL FORTALECIMIENTO Y UNIDAD DE LA ORDEN MAS\u00d3NICA, FOMENTANDO LA INTEGRACI\u00d3N PROGRESIVA DE LOS PUEBLOS Y PA\u00cdSES DE TODOS LOS CONTINENTES, ABRAZANDO A LA HUMANIDAD ENTERA EN COHERENCIA CON NUESTROS IDEALES UNIVERSALISTAS.<\/li><li>RATIFICAMOS EL CAR\u00c1CTER PROGRESISTA DE LA MASONER\u00cdA EN GENERAL Y DE LA MASONER\u00cdA ESCOCISTA EN PARTICULAR, QUE TIENE ASIMISMO POR OBJETO LA UNI\u00d3N, LA FELICIDAD, Y EL BIENESTAR DE LA FAMILIA HUMANA EN GENERAL Y DE CADA HOMBRE EN PARTICULAR, Y QUE DEBE TRABAJAR CON CONFIANZA Y ENERG\u00cdA, HACIENDO INCESANTES ESFUERZOS POR CONSEGUIR ESOS OBJETIVOS, \u00daNICOS QUE RECONOCEMOS PROPIOS DE ELLA.<\/li><li>FINALMENTE, REAFIRMAMOS TAMBI\u00c9N QUE LA UNI\u00d3N MAS\u00d3NICA MUNDIAL (UMM) NO ES UN ORGANISMO EN CUYO SENO SE LEGITIMAN ORGANIZACIONES NI T\u00cdTULOS, NI SE ACREDITAN FUNCIONAMIENTOS ILEGALES. POR EL CONTRARIO, LA UMM ES UN ESPACIO ABIERTO PARA LA LIBRE Y POSITIVA EXPRESI\u00d3N DE SOBERANOS GRANDES INSPECTORES GENERALES DE LA ORDEN Y ORGANIZACIONES Y TENDENCIAS FRATERNAS QUE HAN SIDO MARGINADAS HIST\u00d3RICAMENTE EN OTROS CONTEXTOS. QUE, INDEPENDIENTEMENTE DE NUESTRAS RESPECTIVAS FILIACIONES, NOS UNIMOS PRECEDIDOS POR EL M\u00c1S ABSOLUTO RESPETO, LA FRATERNIDAD Y LA TOLERANCIA, CON EL FIN DE CUMPLIR LOS M\u00c1S ALTOS POSTULADOS QUE TAL RANGO NOS IMPONE.&nbsp;&nbsp;<\/li><\/ol>\n\n\n\n<p>EN VIRTUD DE LO ANTERIOR, LOS INTEGRANTES DE LA UNI\u00d3N MAS\u00d3NICA MUNDIAL (UMM) ESTABLECEMOS LIBRE Y VOLUNTARIAMENTE EL COMPROMISO DE PRESTARNOS AYUDA MUTUA, DE BRINDARNOS FRATERNIDAD Y RESPETO EN CUALQUIER INSTANCIA, SEG\u00daN LOS VALORES ETERNOS, INMUTABLES Y UNIVERSALES PROFESADOS POR LOS FRANCMASONES EN EL MUNDO ENTERO.&nbsp;<\/p>\n\n\n\n<p>AS\u00cd MISMO, NOS COMPROMETEMOS A APOYARNOS MUTUAMENTE Y SIN CONDICIONES DIFERENTES A LAS QUE ESTABLECEN LA \u00c9TICA Y LAS BUENAS COSTUMBRES, PARA DESARROLLAR PROYECTOS DE INTER\u00c9S LOCAL, NACIONAL, REGIONAL O GLOBAL EN LOS CAMPOS DE LAS LETRAS, LA EDUCACI\u00d3N, LA INVESTIGACI\u00d3N, LA HISTORIA Y LA SIMBOLOG\u00cdA DE LA MASONER\u00cdA, Y EN FIN A TRABAJAR EN LA ORIENTACI\u00d3N DEL CONOCIMIENTO HACIA EL LOGRO DE EMANCIPAR Y LIBERAR AL HOMBRE DE SUS ATADURAS.&nbsp;&nbsp;<\/p>\n\n\n\n<p>POR TANTO, LOS FUNDADORES DE LA UNI\u00d3N MAS\u00d3NICA MUNDIAL (UMM) ADOPTAMOS ESTE ESTATUTO CONFEDERADO, EL CUAL SER\u00c1 DE OBLIGATORIO ACATAMIENTO POR PARTE TODOS Y CADA UNO DE QUIENES PERTENEZCAN A LA ORGANIZACI\u00d3N, PARA PRESERVAR JUNTOS LAS TRADICIONES USOS Y COSTUMBRES DE LA MASONER\u00cdA ESCOCISTA,<\/p>\n\n\n\n<p><a rel=\"noreferrer noopener\" href=\"https:\/\/unionmasonicamundial.org\/umm\/estatuto\/\" data-type=\"URL\" data-id=\"https:\/\/unionmasonicamundial.org\/umm\/estatuto\/\" target=\"_blank\">Estatuto U:. M:. M:. de SS:. GG:. II:. GG:. <\/a><\/p>\n\n\n\n<figure class=\"wp-block-image\"><img decoding=\"async\" src=\"https:\/\/unionmasonicamundial.org\/umm\/wp-content\/uploads\/2021\/10\/image-1024x432.png\" alt=\"La imagen tiene un atributo ALT vac\u00edo; su nombre de archivo es image-1024x432.png\"\/><\/figure>\n","protected":false},"excerpt":{"rendered":"<p>UNI\u00d3N MAS\u00d3NICA MUNDIAL DE SS:. GG:. II:. GG:. CONGRESO MUNDIAL EN LA CIUDAD DE ASUNCI\u00d3N, DE LA REP\u00daBLICA DE PARAGUAY, SE RE\u00daNEN EL CONSEJO EJECUTIVO Y DIRECTIVO EN ASAMBLEA GENERAL CUMPLIENDO CON EL OBJETIVO DE SU ESTATUTO CONSTITUTIVO DEL 10 DE JUNIO DE 2020, A FIN DE REAFIRMAR Y CONSOLIDAR INSTITUCIONALMENTE LA UNI\u00d3N MAS\u00d3NICA MUNDIAL [&hellip;]<\/p>\n","protected":false},"author":1,"featured_media":0,"parent":0,"menu_order":1,"comment_status":"closed","ping_status":"closed","template":"","meta":{"footnotes":""},"class_list":["post-111","page","type-page","status-publish","hentry"],"_links":{"self":[{"href":"https:\/\/unionmasonicamundial.org\/umm\/wp-json\/wp\/v2\/pages\/111","targetHints":{"allow":["GET"]}}],"collection":[{"href":"https:\/\/unionmasonicamundial.org\/umm\/wp-json\/wp\/v2\/pages"}],"about":[{"href":"https:\/\/unionmasonicamundial.org\/umm\/wp-json\/wp\/v2\/types\/page"}],"author":[{"embeddable":true,"href":"https:\/\/unionmasonicamundial.org\/umm\/wp-json\/wp\/v2\/users\/1"}],"replies":[{"embeddable":true,"href":"https:\/\/unionmasonicamundial.org\/umm\/wp-json\/wp\/v2\/comments?post=111"}],"version-history":[{"count":3,"href":"https:\/\/unionmasonicamundial.org\/umm\/wp-json\/wp\/v2\/pages\/111\/revisions"}],"predecessor-version":[{"id":502,"href":"https:\/\/unionmasonicamundial.org\/umm\/wp-json\/wp\/v2\/pages\/111\/revisions\/502"}],"wp:attachment":[{"href":"https:\/\/unionmasonicamundial.org\/umm\/wp-json\/wp\/v2\/media?parent=111"}],"curies":[{"name":"wp","href":"https:\/\/api.w.org\/{rel}","templated":true}]}}